{"id":960,"date":"2021-08-09T17:48:26","date_gmt":"2021-08-09T20:48:26","guid":{"rendered":"https:\/\/globoaves.com.br\/?page_id=960"},"modified":"2021-08-09T18:01:45","modified_gmt":"2021-08-09T21:01:45","slug":"lgpd","status":"publish","type":"page","link":"https:\/\/globoaves.com.br\/es\/lgpd\/","title":{"rendered":"LGPD"},"content":{"rendered":"<p align=\"justify\"><span style=\"color: #000000;\"><b>Quem somos<\/b><\/span><\/p>\n<p align=\"justify\"><span style=\"color: #000000;\">O endere\u00e7o do nosso site \u00e9: <u><a style=\"color: #000000;\" href=\"https:\/\/www.globoaves.com.br\/\">https:\/\/www.globoaves.com.br<\/a><\/u><\/span><\/p>\n<p align=\"justify\"><span style=\"color: #000000;\"><b>Formul\u00e1rio de contato<\/b><\/span><\/p>\n<p align=\"justify\"><span style=\"color: #000000;\">Nos formul\u00e1rios de contato, coletamos e mantemos as informa\u00e7\u00f5es: nome, telefone, e-mail, mensagem, para efetuar o atendimento ao consumidor.<\/span><\/p>\n<p align=\"justify\"><span style=\"color: #000000;\"><b>Formul\u00e1rio Trabalhe Conosco<\/b><\/span><\/p>\n<p align=\"justify\"><span style=\"color: #000000;\">Neste caso, coletamos e mantemos as informa\u00e7\u00f5es: nome, telefone, e-mail, mensagem e curr\u00edculo para efetuar a sele\u00e7\u00e3o do candidato a vaga.<\/span><\/p>\n<p align=\"justify\"><span style=\"color: #000000;\"><b>Cookies<\/b><\/span><\/p>\n<p align=\"justify\"><span style=\"color: #000000;\">N\u00f3s utilizamos cookies. Cookies s\u00e3o pequenos arquivos de textos simples que sites armazenam em seu navegador para salvar suas prefer\u00eancias e configura\u00e7\u00f5es. Por exemplo, quando voc\u00ea acessa um site pela primeira vez, que faz uso de cookies, este site envia um arquivo de texto com suas prefer\u00eancias para o seu navegador, como: regi\u00e3o de onde voc\u00ea est\u00e1 acessando, seu endere\u00e7o de e-mail, idioma escolhido, cores, produtos que voc\u00ea poder\u00e1 gostar com base em suas pesquisas, e etc.&nbsp; Quando voc\u00ea acessar o site novamente, seu navegador ir\u00e1 enviar este arquivo para o site, desta forma as suas configura\u00e7\u00f5es e prefer\u00eancias ser\u00e3o aplicadas automaticamente sem que voc\u00ea precise configurar tudo de novo (a menos que voc\u00ea queira).<\/span><\/p>\n<p align=\"justify\"><span style=\"color: #000000;\">Ao preencher campos de informa\u00e7\u00f5es do site, voc\u00ea poder\u00e1 optar por salvar estas informa\u00e7\u00f5es do site nos cookies. Isso visa seu conforto, assim voc\u00ea n\u00e3o precisar\u00e1 preencher seus dados novamente quando precisar novamente algum contato conosco. Estes cookies duram um ano.<\/span><\/p>\n<p align=\"justify\"><span style=\"color: #000000;\"><b>Tipos de cookies que usamos<\/b><\/span><\/p>\n<p align=\"justify\"><span style=\"color: #000000;\">Essencial: Alguns cookies s\u00e3o essenciais para que voc\u00ea possa experimentar todas as funcionalidades do nosso site. Eles nos permitem manter as sess\u00f5es do usu\u00e1rio e prevenir quaisquer amea\u00e7as \u00e0 seguran\u00e7a. Eles n\u00e3o coletam ou armazenam nenhuma informa\u00e7\u00e3o pessoal. Por exemplo, esses cookies permitem que voc\u00ea fa\u00e7a login em sua conta e adicione produtos \u00e0 sua cesta e finalize a compra com seguran\u00e7a.<\/span><\/p>\n<p align=\"justify\"><span style=\"color: #000000;\">Estat\u00edsticas: Esses cookies armazenam informa\u00e7\u00f5es como o n\u00famero de visitantes do site, o n\u00famero de visitantes \u00fanicos, quais p\u00e1ginas do site foram visitadas, a origem da visita, etc. Esses dados nos ajudam a compreender e analisar o desempenho do site e onde precisa de melhorias. Utilizamos o Cookie do Google para gerar esses relat\u00f3rios no Google Analytics.<\/span><\/p>\n<p align=\"justify\"><span style=\"color: #000000;\">Marketing: Nosso site exibe an\u00fancios. Esses cookies s\u00e3o usados \u200b\u200bpara personalizar os an\u00fancios que mostramos a voc\u00ea para que sejam significativos para voc\u00ea. Esses cookies tamb\u00e9m nos ajudam a acompanhar a efici\u00eancia dessas campanhas publicit\u00e1rias.<\/span><\/p>\n<p align=\"justify\"><span style=\"color: #000000;\">As informa\u00e7\u00f5es armazenadas nesses cookies tamb\u00e9m podem ser usadas por provedores de an\u00fancios de terceiros para exibir an\u00fancios em outros sites no navegador tamb\u00e9m.<\/span><\/p>\n<p align=\"justify\"><span style=\"color: #000000;\">Funcionais: s\u00e3o os cookies que auxiliam certas funcionalidades n\u00e3o essenciais do nosso site. Essas funcionalidades incluem a incorpora\u00e7\u00e3o de conte\u00fado como v\u00eddeos ou o compartilhamento de conte\u00fado no site em plataformas de m\u00eddia social.<\/span><\/p>\n<p align=\"justify\"><span style=\"color: #000000;\"><b>M\u00eddia incorporada de outros sites<\/b><\/span><\/p>\n<p align=\"justify\"><span style=\"color: #000000;\">Artigos neste site podem incluir conte\u00fado incorporado como, por exemplo, v\u00eddeos, imagens, artigos, etc. Conte\u00fados incorporados de outros sites se comportam exatamente da mesma forma como se o visitante estivesse visitando o outro site.<\/span><\/p>\n<p align=\"justify\"><span style=\"color: #000000;\">Estes sites podem coletar dados sobre voc\u00ea, usar cookies, incorporar rastreamento adicional de terceiros e monitorar sua intera\u00e7\u00e3o com este conte\u00fado incorporado, incluindo sua intera\u00e7\u00e3o com o conte\u00fado incorporado se voc\u00ea tem uma conta e est\u00e1 conectado com o site.<\/span><\/p>\n<p align=\"justify\"><span style=\"color: #000000;\"><b>Com quem partilhamos seus dados<\/b><\/span><\/p>\n<p align=\"justify\"><span style=\"color: #000000;\">N\u00e3o compartilhamos seus dados com terceiros.<\/span><\/p>\n<p align=\"justify\"><span style=\"color: #000000;\"><b>Por quanto tempo mantemos os seus dados<\/b><\/span><\/p>\n<p align=\"justify\"><span style=\"color: #000000;\">Se voc\u00ea preencher algum campo de formul\u00e1rio, os seus metadados s\u00e3o conservados indefinidamente. Os administradores de sites tamb\u00e9m podem ver e editar estas informa\u00e7\u00f5es.<\/span><\/p>\n<p align=\"justify\"><span style=\"color: #000000;\"><b>Quais os seus direitos sobre seus dados<\/b><\/span><\/p>\n<p align=\"justify\"><span style=\"color: #000000;\">Se voc\u00ea tiver preenchido algum campo de formul\u00e1rio, pode solicitar um arquivo exportado dos dados pessoais que mantemos sobre voc\u00ea, inclusive quaisquer dados que nos tenha fornecido. Tamb\u00e9m pode solicitar que removamos qualquer dado pessoal que mantemos sobre voc\u00ea. Isto n\u00e3o inclui nenhuns dados que somos obrigados a manter para prop\u00f3sitos administrativos, legais ou de seguran\u00e7a. Para solicitar, basta enviar um e-mail para atendimento@globoaves.com.br que retornaremos em at\u00e9 28 dias.<\/span><\/p>\n<p align=\"justify\"><span style=\"color: #000000;\"><b>Para onde enviamos seus dados<\/b><\/span><\/p>\n<p align=\"justify\"><span style=\"color: #000000;\">Seus dados ficam armazenados no servidor de acesso do site da Globoaves.<\/span><\/p>\n<p align=\"justify\"><span style=\"color: #000000;\"><b>Altera\u00e7\u00e3o e Remo\u00e7\u00e3o de suas informa\u00e7\u00f5es de contato<\/b><\/span><\/p>\n<p align=\"justify\"><span style=\"color: #000000;\">Para solicitar altera\u00e7\u00e3o, remo\u00e7\u00e3o ou c\u00f3pia dos seus dados pessoais, basta enviar um e-mail para atendimento@globoaves.com.br que retornaremos em at\u00e9 28 dias.<\/span><\/p>\n<p align=\"justify\"><span style=\"color: #000000;\"><b>Como protegemos seus dados<\/b><\/span><\/p>\n<p align=\"justify\"><span style=\"color: #000000;\">Fique tranquilo(a)! Suas informa\u00e7\u00f5es est\u00e3o seguras! Nosso site possui certificado SSL (site Seguro) para voc\u00ea navegar, processar e enviar informa\u00e7\u00f5es com seguran\u00e7a. Tamb\u00e9m utilizamos plugin de seguran\u00e7a no site.<\/span><\/p>\n<p align=\"justify\"><span style=\"color: #000000;\">Nos reservamos o direito de atualizar estes termos e condi\u00e7\u00f5es de uso sem qualquer aviso pr\u00e9vio.<\/span><\/p>\n","protected":false},"excerpt":{"rendered":"<p>Quem somos O endere\u00e7o do nosso site \u00e9: https:\/\/www.globoaves.com.br Formul\u00e1rio de contato Nos formul\u00e1rios de contato, coletamos e mantemos as informa\u00e7\u00f5es: nome, telefone, e-mail, mensagem, para efetuar o atendimento ao consumidor. Formul\u00e1rio Trabalhe Conosco Neste caso, coletamos e mantemos as &hellip; <a href=\"https:\/\/globoaves.com.br\/es\/lgpd\/\">Continue reading <span class=\"meta-nav\">&rarr;<\/span><\/a><\/p>\n","protected":false},"author":2,"featured_media":0,"parent":0,"menu_order":0,"comment_status":"closed","ping_status":"closed","template":"","meta":{"ngg_post_thumbnail":0},"yoast_head":"<!-- This site is optimized with the Yoast SEO plugin v16.8 - https:\/\/yoast.com\/wordpress\/plugins\/seo\/ -->\n<meta name=\"robots\" content=\"index, follow, max-snippet:-1, max-image-preview:large, max-video-preview:-1\" \/>\n<link rel=\"canonical\" href=\"https:\/\/globoaves.com.br\/es\/lgpd\/\" \/>\n<meta property=\"og:locale\" content=\"pt_BR\" \/>\n<meta property=\"og:type\" content=\"article\" \/>\n<meta property=\"og:title\" content=\"LGPD - Globoaves\" \/>\n<meta property=\"og:description\" content=\"Quem somos O endere\u00e7o do nosso site \u00e9: https:\/\/www.globoaves.com.br Formul\u00e1rio de contato Nos formul\u00e1rios de contato, coletamos e mantemos as informa\u00e7\u00f5es: nome, telefone, e-mail, mensagem, para efetuar o atendimento ao consumidor. Formul\u00e1rio Trabalhe Conosco Neste caso, coletamos e mantemos as &hellip; Continue reading &rarr;\" \/>\n<meta property=\"og:url\" content=\"https:\/\/globoaves.com.br\/es\/lgpd\/\" \/>\n<meta property=\"og:site_name\" content=\"Globoaves\" \/>\n<meta property=\"article:modified_time\" content=\"2021-08-09T21:01:45+00:00\" \/>\n<meta name=\"twitter:card\" content=\"summary_large_image\" \/>\n<meta name=\"twitter:label1\" content=\"Est. tempo de leitura\" \/>\n\t<meta name=\"twitter:data1\" content=\"4 minutos\" \/>\n<script type=\"application\/ld+json\" class=\"yoast-schema-graph\">{\"@context\":\"https:\/\/schema.org\",\"@graph\":[{\"@type\":\"WebSite\",\"@id\":\"https:\/\/globoaves.com.br\/es\/#website\",\"url\":\"https:\/\/globoaves.com.br\/es\/\",\"name\":\"Globoaves\",\"description\":\"\",\"potentialAction\":[{\"@type\":\"SearchAction\",\"target\":{\"@type\":\"EntryPoint\",\"urlTemplate\":\"https:\/\/globoaves.com.br\/es\/?s={search_term_string}\"},\"query-input\":\"required name=search_term_string\"}],\"inLanguage\":\"pt-BR\"},{\"@type\":\"WebPage\",\"@id\":\"https:\/\/globoaves.com.br\/es\/lgpd\/#webpage\",\"url\":\"https:\/\/globoaves.com.br\/es\/lgpd\/\",\"name\":\"LGPD - Globoaves\",\"isPartOf\":{\"@id\":\"https:\/\/globoaves.com.br\/es\/#website\"},\"datePublished\":\"2021-08-09T20:48:26+00:00\",\"dateModified\":\"2021-08-09T21:01:45+00:00\",\"breadcrumb\":{\"@id\":\"https:\/\/globoaves.com.br\/es\/lgpd\/#breadcrumb\"},\"inLanguage\":\"pt-BR\",\"potentialAction\":[{\"@type\":\"ReadAction\",\"target\":[\"https:\/\/globoaves.com.br\/es\/lgpd\/\"]}]},{\"@type\":\"BreadcrumbList\",\"@id\":\"https:\/\/globoaves.com.br\/es\/lgpd\/#breadcrumb\",\"itemListElement\":[{\"@type\":\"ListItem\",\"position\":1,\"name\":\"In\\u00edcio\",\"item\":\"https:\/\/globoaves.com.br\/es\/\"},{\"@type\":\"ListItem\",\"position\":2,\"name\":\"LGPD\"}]}]}<\/script>\n<!-- \/ Yoast SEO plugin. -->","yoast_head_json":{"robots":{"index":"index","follow":"follow","max-snippet":"max-snippet:-1","max-image-preview":"max-image-preview:large","max-video-preview":"max-video-preview:-1"},"canonical":"https:\/\/globoaves.com.br\/es\/lgpd\/","og_locale":"pt_BR","og_type":"article","og_title":"LGPD - Globoaves","og_description":"Quem somos O endere\u00e7o do nosso site \u00e9: https:\/\/www.globoaves.com.br Formul\u00e1rio de contato Nos formul\u00e1rios de contato, coletamos e mantemos as informa\u00e7\u00f5es: nome, telefone, e-mail, mensagem, para efetuar o atendimento ao consumidor. Formul\u00e1rio Trabalhe Conosco Neste caso, coletamos e mantemos as &hellip; Continue reading &rarr;","og_url":"https:\/\/globoaves.com.br\/es\/lgpd\/","og_site_name":"Globoaves","article_modified_time":"2021-08-09T21:01:45+00:00","twitter_card":"summary_large_image","twitter_misc":{"Est. tempo de leitura":"4 minutos"},"schema":{"@context":"https:\/\/schema.org","@graph":[{"@type":"WebSite","@id":"https:\/\/globoaves.com.br\/es\/#website","url":"https:\/\/globoaves.com.br\/es\/","name":"Globoaves","description":"","potentialAction":[{"@type":"SearchAction","target":{"@type":"EntryPoint","urlTemplate":"https:\/\/globoaves.com.br\/es\/?s={search_term_string}"},"query-input":"required name=search_term_string"}],"inLanguage":"pt-BR"},{"@type":"WebPage","@id":"https:\/\/globoaves.com.br\/es\/lgpd\/#webpage","url":"https:\/\/globoaves.com.br\/es\/lgpd\/","name":"LGPD - Globoaves","isPartOf":{"@id":"https:\/\/globoaves.com.br\/es\/#website"},"datePublished":"2021-08-09T20:48:26+00:00","dateModified":"2021-08-09T21:01:45+00:00","breadcrumb":{"@id":"https:\/\/globoaves.com.br\/es\/lgpd\/#breadcrumb"},"inLanguage":"pt-BR","potentialAction":[{"@type":"ReadAction","target":["https:\/\/globoaves.com.br\/es\/lgpd\/"]}]},{"@type":"BreadcrumbList","@id":"https:\/\/globoaves.com.br\/es\/lgpd\/#breadcrumb","itemListElement":[{"@type":"ListItem","position":1,"name":"In\u00edcio","item":"https:\/\/globoaves.com.br\/es\/"},{"@type":"ListItem","position":2,"name":"LGPD"}]}]}},"_links":{"self":[{"href":"https:\/\/globoaves.com.br\/es\/wp-json\/wp\/v2\/pages\/960"}],"collection":[{"href":"https:\/\/globoaves.com.br\/es\/wp-json\/wp\/v2\/pages"}],"about":[{"href":"https:\/\/globoaves.com.br\/es\/wp-json\/wp\/v2\/types\/page"}],"author":[{"embeddable":true,"href":"https:\/\/globoaves.com.br\/es\/wp-json\/wp\/v2\/users\/2"}],"replies":[{"embeddable":true,"href":"https:\/\/globoaves.com.br\/es\/wp-json\/wp\/v2\/comments?post=960"}],"version-history":[{"count":3,"href":"https:\/\/globoaves.com.br\/es\/wp-json\/wp\/v2\/pages\/960\/revisions"}],"predecessor-version":[{"id":969,"href":"https:\/\/globoaves.com.br\/es\/wp-json\/wp\/v2\/pages\/960\/revisions\/969"}],"wp:attachment":[{"href":"https:\/\/globoaves.com.br\/es\/wp-json\/wp\/v2\/media?parent=960"}],"curies":[{"name":"wp","href":"https:\/\/api.w.org\/{rel}","templated":true}]}}