{"id":7,"date":"2019-05-17T15:04:23","date_gmt":"2019-05-17T18:04:23","guid":{"rendered":"http:\/\/globoaves.com.br\/?page_id=7"},"modified":"2022-03-25T15:49:31","modified_gmt":"2022-03-25T18:49:31","slug":"institucional","status":"publish","type":"page","link":"https:\/\/globoaves.com.br\/es\/institucional\/","title":{"rendered":"Institucional"},"content":{"rendered":"<p><span class=\"VIiyi\" lang=\"es\"><span class=\"JLqJ4b ChMk0b\" data-language-for-alternatives=\"es\" data-language-to-translate-into=\"pt\" data-phrase-index=\"0\" data-number-of-phrases=\"5\">Con m\u00e1s de tres d\u00e9cadas en la industria av\u00edcola, Globoaves es sin\u00f3nimo de calidad y saber hacer en el sector.<\/span> <span class=\"JLqJ4b ChMk0b\" data-language-for-alternatives=\"es\" data-language-to-translate-into=\"pt\" data-phrase-index=\"1\" data-number-of-phrases=\"5\">Est\u00e1 presente en negocios de peque\u00f1os a grandes productores y est\u00e1 consolidada como una de las mayores productoras de Huevos F\u00e9rtiles y Pollitos de Un D\u00eda de Brasil.<\/span> <span class=\"JLqJ4b ChMk0b\" data-language-for-alternatives=\"es\" data-language-to-translate-into=\"pt\" data-phrase-index=\"2\" data-number-of-phrases=\"5\">Se convirti\u00f3 en una referencia en gen\u00e9tica, salud y biotecnolog\u00eda, ayudando a Brasil a convertirse en uno de los mayores exportadores de pollo del mundo.<\/span> <span class=\"JLqJ4b ChMk0b\" data-language-for-alternatives=\"es\" data-language-to-translate-into=\"pt\" data-phrase-index=\"3\" data-number-of-phrases=\"5\">Adem\u00e1s, Globoaves juega un papel fundamental y muy relevante en la econom\u00eda circular brasile\u00f1a, ya que son innumerables las familias que compran aves en las tiendas agr\u00edcolas de todo Brasil, ya sea para subsistencia o incluso como fuente de ingresos, creando y ofreciendo sus productos en ferias. y tiendas locales.<\/span> <span class=\"JLqJ4b ChMk0b\" data-language-for-alternatives=\"es\" data-language-to-translate-into=\"pt\" data-phrase-index=\"4\" data-number-of-phrases=\"5\">Por eso, para Globoaves es un orgullo ser parte de la industria av\u00edcola nacional.<\/span><\/span><\/p>\n<p><iframe loading=\"lazy\" title=\"Globoaves 37 Anos\" width=\"640\" height=\"360\" src=\"https:\/\/www.youtube.com\/embed\/q0MswEpOUvg?feature=oembed\" frameborder=\"0\" allow=\"accelerometer; autoplay; clipboard-write; encrypted-media; gyroscope; picture-in-picture\" allowfullscreen><\/iframe><\/p>\n","protected":false},"excerpt":{"rendered":"<p>Con m\u00e1s de tres d\u00e9cadas en la industria av\u00edcola, Globoaves es sin\u00f3nimo de calidad y saber hacer en el sector. Est\u00e1 presente en negocios de peque\u00f1os a grandes productores y est\u00e1 consolidada como una de las mayores productoras de Huevos &hellip; <a href=\"https:\/\/globoaves.com.br\/es\/institucional\/\">Continue reading <span class=\"meta-nav\">&rarr;<\/span><\/a><\/p>\n","protected":false},"author":3,"featured_media":162,"parent":0,"menu_order":12,"comment_status":"closed","ping_status":"closed","template":"institucional.php","meta":{"ngg_post_thumbnail":0},"yoast_head":"<!-- This site is optimized with the Yoast SEO plugin v16.8 - https:\/\/yoast.com\/wordpress\/plugins\/seo\/ -->\n<meta name=\"robots\" content=\"index, follow, max-snippet:-1, max-image-preview:large, max-video-preview:-1\" \/>\n<link rel=\"canonical\" href=\"https:\/\/globoaves.com.br\/es\/institucional\/\" \/>\n<meta property=\"og:locale\" content=\"pt_BR\" \/>\n<meta property=\"og:type\" content=\"article\" \/>\n<meta property=\"og:title\" content=\"Institucional - Globoaves\" \/>\n<meta property=\"og:description\" content=\"Con m\u00e1s de tres d\u00e9cadas en la industria av\u00edcola, Globoaves es sin\u00f3nimo de calidad y saber hacer en el sector. Est\u00e1 presente en negocios de peque\u00f1os a grandes productores y est\u00e1 consolidada como una de las mayores productoras de Huevos &hellip; Continue reading &rarr;\" \/>\n<meta property=\"og:url\" content=\"https:\/\/globoaves.com.br\/es\/institucional\/\" \/>\n<meta property=\"og:site_name\" content=\"Globoaves\" \/>\n<meta property=\"article:modified_time\" content=\"2022-03-25T18:49:31+00:00\" \/>\n<meta property=\"og:image\" content=\"https:\/\/globoaves.com.br\/es\/wp-content\/uploads\/2019\/08\/Banner-Topo-Quem-Somos.jpg\" \/>\n\t<meta property=\"og:image:width\" content=\"1920\" \/>\n\t<meta property=\"og:image:height\" content=\"434\" \/>\n<meta name=\"twitter:card\" content=\"summary_large_image\" \/>\n<meta name=\"twitter:label1\" content=\"Est. tempo de leitura\" \/>\n\t<meta name=\"twitter:data1\" content=\"1 minuto\" \/>\n<script type=\"application\/ld+json\" class=\"yoast-schema-graph\">{\"@context\":\"https:\/\/schema.org\",\"@graph\":[{\"@type\":\"WebSite\",\"@id\":\"https:\/\/globoaves.com.br\/es\/#website\",\"url\":\"https:\/\/globoaves.com.br\/es\/\",\"name\":\"Globoaves\",\"description\":\"\",\"potentialAction\":[{\"@type\":\"SearchAction\",\"target\":{\"@type\":\"EntryPoint\",\"urlTemplate\":\"https:\/\/globoaves.com.br\/es\/?s={search_term_string}\"},\"query-input\":\"required name=search_term_string\"}],\"inLanguage\":\"pt-BR\"},{\"@type\":\"ImageObject\",\"@id\":\"https:\/\/globoaves.com.br\/es\/institucional\/#primaryimage\",\"inLanguage\":\"pt-BR\",\"url\":\"https:\/\/globoaves.com.br\/es\/wp-content\/uploads\/2019\/08\/Banner-Topo-Quem-Somos.jpg\",\"contentUrl\":\"https:\/\/globoaves.com.br\/es\/wp-content\/uploads\/2019\/08\/Banner-Topo-Quem-Somos.jpg\",\"width\":1920,\"height\":434},{\"@type\":\"WebPage\",\"@id\":\"https:\/\/globoaves.com.br\/es\/institucional\/#webpage\",\"url\":\"https:\/\/globoaves.com.br\/es\/institucional\/\",\"name\":\"Institucional - Globoaves\",\"isPartOf\":{\"@id\":\"https:\/\/globoaves.com.br\/es\/#website\"},\"primaryImageOfPage\":{\"@id\":\"https:\/\/globoaves.com.br\/es\/institucional\/#primaryimage\"},\"datePublished\":\"2019-05-17T18:04:23+00:00\",\"dateModified\":\"2022-03-25T18:49:31+00:00\",\"breadcrumb\":{\"@id\":\"https:\/\/globoaves.com.br\/es\/institucional\/#breadcrumb\"},\"inLanguage\":\"pt-BR\",\"potentialAction\":[{\"@type\":\"ReadAction\",\"target\":[\"https:\/\/globoaves.com.br\/es\/institucional\/\"]}]},{\"@type\":\"BreadcrumbList\",\"@id\":\"https:\/\/globoaves.com.br\/es\/institucional\/#breadcrumb\",\"itemListElement\":[{\"@type\":\"ListItem\",\"position\":1,\"name\":\"In\\u00edcio\",\"item\":\"https:\/\/globoaves.com.br\/es\/\"},{\"@type\":\"ListItem\",\"position\":2,\"name\":\"Institucional\"}]}]}<\/script>\n<!-- \/ Yoast SEO plugin. -->","yoast_head_json":{"robots":{"index":"index","follow":"follow","max-snippet":"max-snippet:-1","max-image-preview":"max-image-preview:large","max-video-preview":"max-video-preview:-1"},"canonical":"https:\/\/globoaves.com.br\/es\/institucional\/","og_locale":"pt_BR","og_type":"article","og_title":"Institucional - Globoaves","og_description":"Con m\u00e1s de tres d\u00e9cadas en la industria av\u00edcola, Globoaves es sin\u00f3nimo de calidad y saber hacer en el sector. Est\u00e1 presente en negocios de peque\u00f1os a grandes productores y est\u00e1 consolidada como una de las mayores productoras de Huevos &hellip; Continue reading &rarr;","og_url":"https:\/\/globoaves.com.br\/es\/institucional\/","og_site_name":"Globoaves","article_modified_time":"2022-03-25T18:49:31+00:00","og_image":[{"width":1920,"height":434,"url":"https:\/\/globoaves.com.br\/es\/wp-content\/uploads\/2019\/08\/Banner-Topo-Quem-Somos.jpg","path":"\/home\/globoavescom\/public_html\/es\/wp-content\/uploads\/2019\/08\/Banner-Topo-Quem-Somos.jpg","size":"full","id":162,"alt":"","pixels":833280,"type":"image\/jpeg"}],"twitter_card":"summary_large_image","twitter_misc":{"Est. tempo de leitura":"1 minuto"},"schema":{"@context":"https:\/\/schema.org","@graph":[{"@type":"WebSite","@id":"https:\/\/globoaves.com.br\/es\/#website","url":"https:\/\/globoaves.com.br\/es\/","name":"Globoaves","description":"","potentialAction":[{"@type":"SearchAction","target":{"@type":"EntryPoint","urlTemplate":"https:\/\/globoaves.com.br\/es\/?s={search_term_string}"},"query-input":"required name=search_term_string"}],"inLanguage":"pt-BR"},{"@type":"ImageObject","@id":"https:\/\/globoaves.com.br\/es\/institucional\/#primaryimage","inLanguage":"pt-BR","url":"https:\/\/globoaves.com.br\/es\/wp-content\/uploads\/2019\/08\/Banner-Topo-Quem-Somos.jpg","contentUrl":"https:\/\/globoaves.com.br\/es\/wp-content\/uploads\/2019\/08\/Banner-Topo-Quem-Somos.jpg","width":1920,"height":434},{"@type":"WebPage","@id":"https:\/\/globoaves.com.br\/es\/institucional\/#webpage","url":"https:\/\/globoaves.com.br\/es\/institucional\/","name":"Institucional - Globoaves","isPartOf":{"@id":"https:\/\/globoaves.com.br\/es\/#website"},"primaryImageOfPage":{"@id":"https:\/\/globoaves.com.br\/es\/institucional\/#primaryimage"},"datePublished":"2019-05-17T18:04:23+00:00","dateModified":"2022-03-25T18:49:31+00:00","breadcrumb":{"@id":"https:\/\/globoaves.com.br\/es\/institucional\/#breadcrumb"},"inLanguage":"pt-BR","potentialAction":[{"@type":"ReadAction","target":["https:\/\/globoaves.com.br\/es\/institucional\/"]}]},{"@type":"BreadcrumbList","@id":"https:\/\/globoaves.com.br\/es\/institucional\/#breadcrumb","itemListElement":[{"@type":"ListItem","position":1,"name":"In\u00edcio","item":"https:\/\/globoaves.com.br\/es\/"},{"@type":"ListItem","position":2,"name":"Institucional"}]}]}},"_links":{"self":[{"href":"https:\/\/globoaves.com.br\/es\/wp-json\/wp\/v2\/pages\/7"}],"collection":[{"href":"https:\/\/globoaves.com.br\/es\/wp-json\/wp\/v2\/pages"}],"about":[{"href":"https:\/\/globoaves.com.br\/es\/wp-json\/wp\/v2\/types\/page"}],"author":[{"embeddable":true,"href":"https:\/\/globoaves.com.br\/es\/wp-json\/wp\/v2\/users\/3"}],"replies":[{"embeddable":true,"href":"https:\/\/globoaves.com.br\/es\/wp-json\/wp\/v2\/comments?post=7"}],"version-history":[{"count":28,"href":"https:\/\/globoaves.com.br\/es\/wp-json\/wp\/v2\/pages\/7\/revisions"}],"predecessor-version":[{"id":1097,"href":"https:\/\/globoaves.com.br\/es\/wp-json\/wp\/v2\/pages\/7\/revisions\/1097"}],"wp:featuredmedia":[{"embeddable":true,"href":"https:\/\/globoaves.com.br\/es\/wp-json\/wp\/v2\/media\/162"}],"wp:attachment":[{"href":"https:\/\/globoaves.com.br\/es\/wp-json\/wp\/v2\/media?parent=7"}],"curies":[{"name":"wp","href":"https:\/\/api.w.org\/{rel}","templated":true}]}}