{"id":62,"date":"2019-05-21T13:51:44","date_gmt":"2019-05-21T16:51:44","guid":{"rendered":"http:\/\/globoaves.com.br\/?page_id=62"},"modified":"2021-12-28T11:26:05","modified_gmt":"2021-12-28T14:26:05","slug":"ovos-ferteis","status":"publish","type":"page","link":"https:\/\/globoaves.com.br\/es\/aviculturas\/ovos-ferteis\/","title":{"rendered":"HUEVOS F\u00c9RTILES"},"content":{"rendered":"<p>Reconocido internacionalmente por la salud de sus reba\u00f1os, Brasil es un actor mundial importante en la avicultura.&nbsp; El \u00e9xito de la productividad av\u00edcola se basa en un tri\u00e1ngulo de eficiencia:&nbsp; Gen\u00e9tica, Alimentaci\u00f3n y Manipulaci\u00f3n. Debido a su estado sanitario (Libre de Influenza Aviar y Enfermedad de Newcastle) Brasil figura como un importante productor y exportador de huevos f\u00e9rtiles de engorde y puesta a nivel mundial.&nbsp; El pa\u00eds tiene un convenio sanitario para exportar huevos f\u00e9rtiles a m\u00e1s de 50 pa\u00edses, cumpliendo as\u00ed con todos los requisitos necesarios. &nbsp; Los huevos f\u00e9rtiles de Globoaves se producen en incubadoras con estricto control sanitario y de bioseguridad. Reciben especial atenci\u00f3n y cuidados operativos, garantizando una rigurosa recolecci\u00f3n y preclasificaci\u00f3n para minimizar cualquier contaminaci\u00f3n. Todas las granjas de cr\u00eda son atendidas por veterinarios y nutricionistas especializados y cuentan con un extenso programa de seguimiento sanitario y serol\u00f3gico que da fe de la salud de la parvada.&nbsp; A esto se suma la formaci\u00f3n constante de equipos y programas de mejora de la calidad y productividad para ofrecer siempre el mejor producto al cliente. &nbsp; Todos los criaderos est\u00e1n certificados y registrados en el Ministerio de Agricultura, Ganader\u00eda y Abastecimiento.<\/p>\n","protected":false},"excerpt":{"rendered":"<p>Reconocido internacionalmente por la salud de sus reba\u00f1os, Brasil es un actor mundial importante en la avicultura.&nbsp; El \u00e9xito de la productividad av\u00edcola se basa en un tri\u00e1ngulo de eficiencia:&nbsp; Gen\u00e9tica, Alimentaci\u00f3n y Manipulaci\u00f3n. Debido a su estado sanitario (Libre &hellip; <a href=\"https:\/\/globoaves.com.br\/es\/aviculturas\/ovos-ferteis\/\">Continue reading <span class=\"meta-nav\">&rarr;<\/span><\/a><\/p>\n","protected":false},"author":3,"featured_media":34,"parent":31,"menu_order":15,"comment_status":"closed","ping_status":"closed","template":"aviculturas.php","meta":{"ngg_post_thumbnail":0},"yoast_head":"<!-- This site is optimized with the Yoast SEO plugin v16.8 - https:\/\/yoast.com\/wordpress\/plugins\/seo\/ -->\n<meta name=\"robots\" content=\"index, follow, max-snippet:-1, max-image-preview:large, max-video-preview:-1\" \/>\n<link rel=\"canonical\" href=\"https:\/\/globoaves.com.br\/es\/aviculturas\/ovos-ferteis\/\" \/>\n<meta property=\"og:locale\" content=\"pt_BR\" \/>\n<meta property=\"og:type\" content=\"article\" \/>\n<meta property=\"og:title\" content=\"HUEVOS F\u00c9RTILES - Globoaves\" \/>\n<meta property=\"og:description\" content=\"Reconocido internacionalmente por la salud de sus reba\u00f1os, Brasil es un actor mundial importante en la avicultura.&nbsp; El \u00e9xito de la productividad av\u00edcola se basa en un tri\u00e1ngulo de eficiencia:&nbsp; Gen\u00e9tica, Alimentaci\u00f3n y Manipulaci\u00f3n. Debido a su estado sanitario (Libre &hellip; Continue reading &rarr;\" \/>\n<meta property=\"og:url\" content=\"https:\/\/globoaves.com.br\/es\/aviculturas\/ovos-ferteis\/\" \/>\n<meta property=\"og:site_name\" content=\"Globoaves\" \/>\n<meta property=\"article:modified_time\" content=\"2021-12-28T14:26:05+00:00\" \/>\n<meta property=\"og:image\" content=\"https:\/\/globoaves.com.br\/es\/wp-content\/uploads\/2019\/05\/bg-emp.jpg\" \/>\n\t<meta property=\"og:image:width\" content=\"1920\" \/>\n\t<meta property=\"og:image:height\" content=\"434\" \/>\n<meta name=\"twitter:card\" content=\"summary_large_image\" \/>\n<meta name=\"twitter:label1\" content=\"Est. tempo de leitura\" \/>\n\t<meta name=\"twitter:data1\" content=\"1 minuto\" \/>\n<script type=\"application\/ld+json\" class=\"yoast-schema-graph\">{\"@context\":\"https:\/\/schema.org\",\"@graph\":[{\"@type\":\"WebSite\",\"@id\":\"https:\/\/globoaves.com.br\/es\/#website\",\"url\":\"https:\/\/globoaves.com.br\/es\/\",\"name\":\"Globoaves\",\"description\":\"\",\"potentialAction\":[{\"@type\":\"SearchAction\",\"target\":{\"@type\":\"EntryPoint\",\"urlTemplate\":\"https:\/\/globoaves.com.br\/es\/?s={search_term_string}\"},\"query-input\":\"required name=search_term_string\"}],\"inLanguage\":\"pt-BR\"},{\"@type\":\"ImageObject\",\"@id\":\"https:\/\/globoaves.com.br\/es\/aviculturas\/ovos-ferteis\/#primaryimage\",\"inLanguage\":\"pt-BR\",\"url\":\"https:\/\/globoaves.com.br\/es\/wp-content\/uploads\/2019\/05\/bg-emp.jpg\",\"contentUrl\":\"https:\/\/globoaves.com.br\/es\/wp-content\/uploads\/2019\/05\/bg-emp.jpg\",\"width\":1920,\"height\":434},{\"@type\":\"WebPage\",\"@id\":\"https:\/\/globoaves.com.br\/es\/aviculturas\/ovos-ferteis\/#webpage\",\"url\":\"https:\/\/globoaves.com.br\/es\/aviculturas\/ovos-ferteis\/\",\"name\":\"HUEVOS F\\u00c9RTILES - Globoaves\",\"isPartOf\":{\"@id\":\"https:\/\/globoaves.com.br\/es\/#website\"},\"primaryImageOfPage\":{\"@id\":\"https:\/\/globoaves.com.br\/es\/aviculturas\/ovos-ferteis\/#primaryimage\"},\"datePublished\":\"2019-05-21T16:51:44+00:00\",\"dateModified\":\"2021-12-28T14:26:05+00:00\",\"breadcrumb\":{\"@id\":\"https:\/\/globoaves.com.br\/es\/aviculturas\/ovos-ferteis\/#breadcrumb\"},\"inLanguage\":\"pt-BR\",\"potentialAction\":[{\"@type\":\"ReadAction\",\"target\":[\"https:\/\/globoaves.com.br\/es\/aviculturas\/ovos-ferteis\/\"]}]},{\"@type\":\"BreadcrumbList\",\"@id\":\"https:\/\/globoaves.com.br\/es\/aviculturas\/ovos-ferteis\/#breadcrumb\",\"itemListElement\":[{\"@type\":\"ListItem\",\"position\":1,\"name\":\"In\\u00edcio\",\"item\":\"https:\/\/globoaves.com.br\/es\/\"},{\"@type\":\"ListItem\",\"position\":2,\"name\":\"Avicultura\",\"item\":\"https:\/\/globoaves.com.br\/es\/aviculturas\/\"},{\"@type\":\"ListItem\",\"position\":3,\"name\":\"HUEVOS F\\u00c9RTILES\"}]}]}<\/script>\n<!-- \/ Yoast SEO plugin. -->","yoast_head_json":{"robots":{"index":"index","follow":"follow","max-snippet":"max-snippet:-1","max-image-preview":"max-image-preview:large","max-video-preview":"max-video-preview:-1"},"canonical":"https:\/\/globoaves.com.br\/es\/aviculturas\/ovos-ferteis\/","og_locale":"pt_BR","og_type":"article","og_title":"HUEVOS F\u00c9RTILES - Globoaves","og_description":"Reconocido internacionalmente por la salud de sus reba\u00f1os, Brasil es un actor mundial importante en la avicultura.&nbsp; El \u00e9xito de la productividad av\u00edcola se basa en un tri\u00e1ngulo de eficiencia:&nbsp; Gen\u00e9tica, Alimentaci\u00f3n y Manipulaci\u00f3n. Debido a su estado sanitario (Libre &hellip; Continue reading &rarr;","og_url":"https:\/\/globoaves.com.br\/es\/aviculturas\/ovos-ferteis\/","og_site_name":"Globoaves","article_modified_time":"2021-12-28T14:26:05+00:00","og_image":[{"width":1920,"height":434,"url":"https:\/\/globoaves.com.br\/es\/wp-content\/uploads\/2019\/05\/bg-emp.jpg","path":"\/home\/globoavescom\/public_html\/es\/wp-content\/uploads\/2019\/05\/bg-emp.jpg","size":"full","id":34,"alt":"","pixels":833280,"type":"image\/jpeg"}],"twitter_card":"summary_large_image","twitter_misc":{"Est. tempo de leitura":"1 minuto"},"schema":{"@context":"https:\/\/schema.org","@graph":[{"@type":"WebSite","@id":"https:\/\/globoaves.com.br\/es\/#website","url":"https:\/\/globoaves.com.br\/es\/","name":"Globoaves","description":"","potentialAction":[{"@type":"SearchAction","target":{"@type":"EntryPoint","urlTemplate":"https:\/\/globoaves.com.br\/es\/?s={search_term_string}"},"query-input":"required name=search_term_string"}],"inLanguage":"pt-BR"},{"@type":"ImageObject","@id":"https:\/\/globoaves.com.br\/es\/aviculturas\/ovos-ferteis\/#primaryimage","inLanguage":"pt-BR","url":"https:\/\/globoaves.com.br\/es\/wp-content\/uploads\/2019\/05\/bg-emp.jpg","contentUrl":"https:\/\/globoaves.com.br\/es\/wp-content\/uploads\/2019\/05\/bg-emp.jpg","width":1920,"height":434},{"@type":"WebPage","@id":"https:\/\/globoaves.com.br\/es\/aviculturas\/ovos-ferteis\/#webpage","url":"https:\/\/globoaves.com.br\/es\/aviculturas\/ovos-ferteis\/","name":"HUEVOS F\u00c9RTILES - Globoaves","isPartOf":{"@id":"https:\/\/globoaves.com.br\/es\/#website"},"primaryImageOfPage":{"@id":"https:\/\/globoaves.com.br\/es\/aviculturas\/ovos-ferteis\/#primaryimage"},"datePublished":"2019-05-21T16:51:44+00:00","dateModified":"2021-12-28T14:26:05+00:00","breadcrumb":{"@id":"https:\/\/globoaves.com.br\/es\/aviculturas\/ovos-ferteis\/#breadcrumb"},"inLanguage":"pt-BR","potentialAction":[{"@type":"ReadAction","target":["https:\/\/globoaves.com.br\/es\/aviculturas\/ovos-ferteis\/"]}]},{"@type":"BreadcrumbList","@id":"https:\/\/globoaves.com.br\/es\/aviculturas\/ovos-ferteis\/#breadcrumb","itemListElement":[{"@type":"ListItem","position":1,"name":"In\u00edcio","item":"https:\/\/globoaves.com.br\/es\/"},{"@type":"ListItem","position":2,"name":"Avicultura","item":"https:\/\/globoaves.com.br\/es\/aviculturas\/"},{"@type":"ListItem","position":3,"name":"HUEVOS F\u00c9RTILES"}]}]}},"_links":{"self":[{"href":"https:\/\/globoaves.com.br\/es\/wp-json\/wp\/v2\/pages\/62"}],"collection":[{"href":"https:\/\/globoaves.com.br\/es\/wp-json\/wp\/v2\/pages"}],"about":[{"href":"https:\/\/globoaves.com.br\/es\/wp-json\/wp\/v2\/types\/page"}],"author":[{"embeddable":true,"href":"https:\/\/globoaves.com.br\/es\/wp-json\/wp\/v2\/users\/3"}],"replies":[{"embeddable":true,"href":"https:\/\/globoaves.com.br\/es\/wp-json\/wp\/v2\/comments?post=62"}],"version-history":[{"count":6,"href":"https:\/\/globoaves.com.br\/es\/wp-json\/wp\/v2\/pages\/62\/revisions"}],"predecessor-version":[{"id":1037,"href":"https:\/\/globoaves.com.br\/es\/wp-json\/wp\/v2\/pages\/62\/revisions\/1037"}],"up":[{"embeddable":true,"href":"https:\/\/globoaves.com.br\/es\/wp-json\/wp\/v2\/pages\/31"}],"wp:featuredmedia":[{"embeddable":true,"href":"https:\/\/globoaves.com.br\/es\/wp-json\/wp\/v2\/media\/34"}],"wp:attachment":[{"href":"https:\/\/globoaves.com.br\/es\/wp-json\/wp\/v2\/media?parent=62"}],"curies":[{"name":"wp","href":"https:\/\/api.w.org\/{rel}","templated":true}]}}