{"id":59,"date":"2019-05-21T13:49:17","date_gmt":"2019-05-21T16:49:17","guid":{"rendered":"http:\/\/globoaves.com.br\/?page_id=59"},"modified":"2021-12-28T11:26:54","modified_gmt":"2021-12-28T14:26:54","slug":"codorna","status":"publish","type":"page","link":"https:\/\/globoaves.com.br\/es\/aviculturas\/codorna\/","title":{"rendered":"CODORNICES"},"content":{"rendered":"<p>La cr\u00eda de codornices es una actividad en auge, ya que es un ave que se destaca por su desarrollo precoz, rusticidad, bajo consumo de alimento y alto nivel de postura de huevos.&nbsp; Sus huevos han ganado una popularidad creciente, son ricos en distintas vitaminas, tales como A, B1, B2, C, D, E, biotina, \u00e1cido pantot\u00e9nico y piridoxina.&nbsp; Adem\u00e1s de \u00e1cidos grasos y minerales como hierro, manganeso, cobre, f\u00f3sforo y calcio, hacen de las codornices animales muy atractivos en el mercado de los huevos comerciales.&nbsp; La codorniz es un ave peque\u00f1a con un cuerpo predominantemente rayado de color marr\u00f3n, tiene un comportamiento tranquilo y sereno, adapt\u00e1ndose bien como animal dom\u00e9stico.&nbsp; Como cualquier otro tipo de animal, es fundamental cierto cuidado en el manejo de estas aves, como cambiar el agua, limpiar y desinfectar el vivero. &nbsp; La alimentaci\u00f3n de cualquier ave debe ser equilibrada y el almacenamiento de los alimentos debe realizarse con cuidado, manteniendo las condiciones adecuadas de ventilaci\u00f3n e higiene. &nbsp;En comparaci\u00f3n con las gallinas, la codorniz tiene mayor resistencia a las enfermedades, todas estas caracter\u00edsticas la convierten en un producto y negocio muy prometedor en el mundo agroindustrial.<\/p>\n","protected":false},"excerpt":{"rendered":"<p>La cr\u00eda de codornices es una actividad en auge, ya que es un ave que se destaca por su desarrollo precoz, rusticidad, bajo consumo de alimento y alto nivel de postura de huevos.&nbsp; Sus huevos han ganado una popularidad creciente, &hellip; <a href=\"https:\/\/globoaves.com.br\/es\/aviculturas\/codorna\/\">Continue reading <span class=\"meta-nav\">&rarr;<\/span><\/a><\/p>\n","protected":false},"author":3,"featured_media":266,"parent":31,"menu_order":18,"comment_status":"closed","ping_status":"closed","template":"aviculturas.php","meta":{"ngg_post_thumbnail":0},"yoast_head":"<!-- This site is optimized with the Yoast SEO plugin v16.8 - https:\/\/yoast.com\/wordpress\/plugins\/seo\/ -->\n<meta name=\"robots\" content=\"index, follow, max-snippet:-1, max-image-preview:large, max-video-preview:-1\" \/>\n<link rel=\"canonical\" href=\"https:\/\/globoaves.com.br\/es\/aviculturas\/codorna\/\" \/>\n<meta property=\"og:locale\" content=\"pt_BR\" \/>\n<meta property=\"og:type\" content=\"article\" \/>\n<meta property=\"og:title\" content=\"CODORNICES - Globoaves\" \/>\n<meta property=\"og:description\" content=\"La cr\u00eda de codornices es una actividad en auge, ya que es un ave que se destaca por su desarrollo precoz, rusticidad, bajo consumo de alimento y alto nivel de postura de huevos.&nbsp; Sus huevos han ganado una popularidad creciente, &hellip; Continue reading &rarr;\" \/>\n<meta property=\"og:url\" content=\"https:\/\/globoaves.com.br\/es\/aviculturas\/codorna\/\" \/>\n<meta property=\"og:site_name\" content=\"Globoaves\" \/>\n<meta property=\"article:modified_time\" content=\"2021-12-28T14:26:54+00:00\" \/>\n<meta property=\"og:image\" content=\"https:\/\/globoaves.com.br\/es\/wp-content\/uploads\/2019\/08\/Banner-Topo-1.jpg\" \/>\n\t<meta property=\"og:image:width\" content=\"1920\" \/>\n\t<meta property=\"og:image:height\" content=\"682\" \/>\n<meta name=\"twitter:card\" content=\"summary_large_image\" \/>\n<meta name=\"twitter:label1\" content=\"Est. tempo de leitura\" \/>\n\t<meta name=\"twitter:data1\" content=\"1 minuto\" \/>\n<script type=\"application\/ld+json\" class=\"yoast-schema-graph\">{\"@context\":\"https:\/\/schema.org\",\"@graph\":[{\"@type\":\"WebSite\",\"@id\":\"https:\/\/globoaves.com.br\/es\/#website\",\"url\":\"https:\/\/globoaves.com.br\/es\/\",\"name\":\"Globoaves\",\"description\":\"\",\"potentialAction\":[{\"@type\":\"SearchAction\",\"target\":{\"@type\":\"EntryPoint\",\"urlTemplate\":\"https:\/\/globoaves.com.br\/es\/?s={search_term_string}\"},\"query-input\":\"required name=search_term_string\"}],\"inLanguage\":\"pt-BR\"},{\"@type\":\"ImageObject\",\"@id\":\"https:\/\/globoaves.com.br\/es\/aviculturas\/codorna\/#primaryimage\",\"inLanguage\":\"pt-BR\",\"url\":\"https:\/\/globoaves.com.br\/es\/wp-content\/uploads\/2019\/08\/Banner-Topo-1.jpg\",\"contentUrl\":\"https:\/\/globoaves.com.br\/es\/wp-content\/uploads\/2019\/08\/Banner-Topo-1.jpg\",\"width\":1920,\"height\":682},{\"@type\":\"WebPage\",\"@id\":\"https:\/\/globoaves.com.br\/es\/aviculturas\/codorna\/#webpage\",\"url\":\"https:\/\/globoaves.com.br\/es\/aviculturas\/codorna\/\",\"name\":\"CODORNICES - Globoaves\",\"isPartOf\":{\"@id\":\"https:\/\/globoaves.com.br\/es\/#website\"},\"primaryImageOfPage\":{\"@id\":\"https:\/\/globoaves.com.br\/es\/aviculturas\/codorna\/#primaryimage\"},\"datePublished\":\"2019-05-21T16:49:17+00:00\",\"dateModified\":\"2021-12-28T14:26:54+00:00\",\"breadcrumb\":{\"@id\":\"https:\/\/globoaves.com.br\/es\/aviculturas\/codorna\/#breadcrumb\"},\"inLanguage\":\"pt-BR\",\"potentialAction\":[{\"@type\":\"ReadAction\",\"target\":[\"https:\/\/globoaves.com.br\/es\/aviculturas\/codorna\/\"]}]},{\"@type\":\"BreadcrumbList\",\"@id\":\"https:\/\/globoaves.com.br\/es\/aviculturas\/codorna\/#breadcrumb\",\"itemListElement\":[{\"@type\":\"ListItem\",\"position\":1,\"name\":\"In\\u00edcio\",\"item\":\"https:\/\/globoaves.com.br\/es\/\"},{\"@type\":\"ListItem\",\"position\":2,\"name\":\"Avicultura\",\"item\":\"https:\/\/globoaves.com.br\/es\/aviculturas\/\"},{\"@type\":\"ListItem\",\"position\":3,\"name\":\"CODORNICES\"}]}]}<\/script>\n<!-- \/ Yoast SEO plugin. -->","yoast_head_json":{"robots":{"index":"index","follow":"follow","max-snippet":"max-snippet:-1","max-image-preview":"max-image-preview:large","max-video-preview":"max-video-preview:-1"},"canonical":"https:\/\/globoaves.com.br\/es\/aviculturas\/codorna\/","og_locale":"pt_BR","og_type":"article","og_title":"CODORNICES - Globoaves","og_description":"La cr\u00eda de codornices es una actividad en auge, ya que es un ave que se destaca por su desarrollo precoz, rusticidad, bajo consumo de alimento y alto nivel de postura de huevos.&nbsp; Sus huevos han ganado una popularidad creciente, &hellip; Continue reading &rarr;","og_url":"https:\/\/globoaves.com.br\/es\/aviculturas\/codorna\/","og_site_name":"Globoaves","article_modified_time":"2021-12-28T14:26:54+00:00","og_image":[{"width":1920,"height":682,"url":"https:\/\/globoaves.com.br\/es\/wp-content\/uploads\/2019\/08\/Banner-Topo-1.jpg","path":"\/home\/globoavescom\/public_html\/es\/wp-content\/uploads\/2019\/08\/Banner-Topo-1.jpg","size":"full","id":266,"alt":"","pixels":1309440,"type":"image\/jpeg"}],"twitter_card":"summary_large_image","twitter_misc":{"Est. tempo de leitura":"1 minuto"},"schema":{"@context":"https:\/\/schema.org","@graph":[{"@type":"WebSite","@id":"https:\/\/globoaves.com.br\/es\/#website","url":"https:\/\/globoaves.com.br\/es\/","name":"Globoaves","description":"","potentialAction":[{"@type":"SearchAction","target":{"@type":"EntryPoint","urlTemplate":"https:\/\/globoaves.com.br\/es\/?s={search_term_string}"},"query-input":"required name=search_term_string"}],"inLanguage":"pt-BR"},{"@type":"ImageObject","@id":"https:\/\/globoaves.com.br\/es\/aviculturas\/codorna\/#primaryimage","inLanguage":"pt-BR","url":"https:\/\/globoaves.com.br\/es\/wp-content\/uploads\/2019\/08\/Banner-Topo-1.jpg","contentUrl":"https:\/\/globoaves.com.br\/es\/wp-content\/uploads\/2019\/08\/Banner-Topo-1.jpg","width":1920,"height":682},{"@type":"WebPage","@id":"https:\/\/globoaves.com.br\/es\/aviculturas\/codorna\/#webpage","url":"https:\/\/globoaves.com.br\/es\/aviculturas\/codorna\/","name":"CODORNICES - Globoaves","isPartOf":{"@id":"https:\/\/globoaves.com.br\/es\/#website"},"primaryImageOfPage":{"@id":"https:\/\/globoaves.com.br\/es\/aviculturas\/codorna\/#primaryimage"},"datePublished":"2019-05-21T16:49:17+00:00","dateModified":"2021-12-28T14:26:54+00:00","breadcrumb":{"@id":"https:\/\/globoaves.com.br\/es\/aviculturas\/codorna\/#breadcrumb"},"inLanguage":"pt-BR","potentialAction":[{"@type":"ReadAction","target":["https:\/\/globoaves.com.br\/es\/aviculturas\/codorna\/"]}]},{"@type":"BreadcrumbList","@id":"https:\/\/globoaves.com.br\/es\/aviculturas\/codorna\/#breadcrumb","itemListElement":[{"@type":"ListItem","position":1,"name":"In\u00edcio","item":"https:\/\/globoaves.com.br\/es\/"},{"@type":"ListItem","position":2,"name":"Avicultura","item":"https:\/\/globoaves.com.br\/es\/aviculturas\/"},{"@type":"ListItem","position":3,"name":"CODORNICES"}]}]}},"_links":{"self":[{"href":"https:\/\/globoaves.com.br\/es\/wp-json\/wp\/v2\/pages\/59"}],"collection":[{"href":"https:\/\/globoaves.com.br\/es\/wp-json\/wp\/v2\/pages"}],"about":[{"href":"https:\/\/globoaves.com.br\/es\/wp-json\/wp\/v2\/types\/page"}],"author":[{"embeddable":true,"href":"https:\/\/globoaves.com.br\/es\/wp-json\/wp\/v2\/users\/3"}],"replies":[{"embeddable":true,"href":"https:\/\/globoaves.com.br\/es\/wp-json\/wp\/v2\/comments?post=59"}],"version-history":[{"count":7,"href":"https:\/\/globoaves.com.br\/es\/wp-json\/wp\/v2\/pages\/59\/revisions"}],"predecessor-version":[{"id":1038,"href":"https:\/\/globoaves.com.br\/es\/wp-json\/wp\/v2\/pages\/59\/revisions\/1038"}],"up":[{"embeddable":true,"href":"https:\/\/globoaves.com.br\/es\/wp-json\/wp\/v2\/pages\/31"}],"wp:featuredmedia":[{"embeddable":true,"href":"https:\/\/globoaves.com.br\/es\/wp-json\/wp\/v2\/media\/266"}],"wp:attachment":[{"href":"https:\/\/globoaves.com.br\/es\/wp-json\/wp\/v2\/media?parent=59"}],"curies":[{"name":"wp","href":"https:\/\/api.w.org\/{rel}","templated":true}]}}