{"id":54,"date":"2019-05-21T11:50:33","date_gmt":"2019-05-21T14:50:33","guid":{"rendered":"http:\/\/globoaves.com.br\/?page_id=54"},"modified":"2021-12-28T11:24:28","modified_gmt":"2021-12-28T14:24:28","slug":"postura","status":"publish","type":"page","link":"https:\/\/globoaves.com.br\/es\/aviculturas\/postura\/","title":{"rendered":"LINAJES DE PONEDORAS"},"content":{"rendered":"<p>Globoaves produce y vende aves ponedoras exclusivamente para tiendas agr\u00edcolas.&nbsp;Las aves provienen de las mejores gen\u00e9ticas de alta productividad del mundo.&nbsp; Tienen una excelente conversi\u00f3n alimenticia, baja mortalidad y relaci\u00f3n huevo x ave alojada.&nbsp; Todo esto hace del linaje de Ponedoras de Globoaves un producto de alt\u00edsima calidad.&nbsp; Las aves son adaptables, tanto a la producci\u00f3n tradicional en jaulas, como al moderno sistema de producci\u00f3n denominado \u201cFree Range\u201d y tambi\u00e9n a la producci\u00f3n de huevos org\u00e1nicos.&nbsp; Se crean a partir de huevos f\u00e9rtiles de reproductoras en ubicaciones exclusivas, tanto para la cr\u00eda como para la producci\u00f3n, todo con procesos controlados y estrictos controles sanitarios.<\/p>\n","protected":false},"excerpt":{"rendered":"<p>Globoaves produce y vende aves ponedoras exclusivamente para tiendas agr\u00edcolas.&nbsp;Las aves provienen de las mejores gen\u00e9ticas de alta productividad del mundo.&nbsp; Tienen una excelente conversi\u00f3n alimenticia, baja mortalidad y relaci\u00f3n huevo x ave alojada.&nbsp; Todo esto hace del linaje de &hellip; <a href=\"https:\/\/globoaves.com.br\/es\/aviculturas\/postura\/\">Continue reading <span class=\"meta-nav\">&rarr;<\/span><\/a><\/p>\n","protected":false},"author":3,"featured_media":217,"parent":31,"menu_order":7,"comment_status":"closed","ping_status":"closed","template":"aviculturas.php","meta":{"ngg_post_thumbnail":0},"yoast_head":"<!-- This site is optimized with the Yoast SEO plugin v16.8 - https:\/\/yoast.com\/wordpress\/plugins\/seo\/ -->\n<meta name=\"robots\" content=\"index, follow, max-snippet:-1, max-image-preview:large, max-video-preview:-1\" \/>\n<link rel=\"canonical\" href=\"https:\/\/globoaves.com.br\/es\/aviculturas\/postura\/\" \/>\n<meta property=\"og:locale\" content=\"pt_BR\" \/>\n<meta property=\"og:type\" content=\"article\" \/>\n<meta property=\"og:title\" content=\"LINAJES DE PONEDORAS - Globoaves\" \/>\n<meta property=\"og:description\" content=\"Globoaves produce y vende aves ponedoras exclusivamente para tiendas agr\u00edcolas.&nbsp;Las aves provienen de las mejores gen\u00e9ticas de alta productividad del mundo.&nbsp; Tienen una excelente conversi\u00f3n alimenticia, baja mortalidad y relaci\u00f3n huevo x ave alojada.&nbsp; Todo esto hace del linaje de &hellip; Continue reading &rarr;\" \/>\n<meta property=\"og:url\" content=\"https:\/\/globoaves.com.br\/es\/aviculturas\/postura\/\" \/>\n<meta property=\"og:site_name\" content=\"Globoaves\" \/>\n<meta property=\"article:modified_time\" content=\"2021-12-28T14:24:28+00:00\" \/>\n<meta property=\"og:image\" content=\"https:\/\/globoaves.com.br\/es\/wp-content\/uploads\/2019\/08\/Banner-Topo-Postura.jpg\" \/>\n\t<meta property=\"og:image:width\" content=\"1920\" \/>\n\t<meta property=\"og:image:height\" content=\"434\" \/>\n<meta name=\"twitter:card\" content=\"summary_large_image\" \/>\n<meta name=\"twitter:label1\" content=\"Est. tempo de leitura\" \/>\n\t<meta name=\"twitter:data1\" content=\"1 minuto\" \/>\n<script type=\"application\/ld+json\" class=\"yoast-schema-graph\">{\"@context\":\"https:\/\/schema.org\",\"@graph\":[{\"@type\":\"WebSite\",\"@id\":\"https:\/\/globoaves.com.br\/es\/#website\",\"url\":\"https:\/\/globoaves.com.br\/es\/\",\"name\":\"Globoaves\",\"description\":\"\",\"potentialAction\":[{\"@type\":\"SearchAction\",\"target\":{\"@type\":\"EntryPoint\",\"urlTemplate\":\"https:\/\/globoaves.com.br\/es\/?s={search_term_string}\"},\"query-input\":\"required name=search_term_string\"}],\"inLanguage\":\"pt-BR\"},{\"@type\":\"ImageObject\",\"@id\":\"https:\/\/globoaves.com.br\/es\/aviculturas\/postura\/#primaryimage\",\"inLanguage\":\"pt-BR\",\"url\":\"https:\/\/globoaves.com.br\/es\/wp-content\/uploads\/2019\/08\/Banner-Topo-Postura.jpg\",\"contentUrl\":\"https:\/\/globoaves.com.br\/es\/wp-content\/uploads\/2019\/08\/Banner-Topo-Postura.jpg\",\"width\":1920,\"height\":434},{\"@type\":\"WebPage\",\"@id\":\"https:\/\/globoaves.com.br\/es\/aviculturas\/postura\/#webpage\",\"url\":\"https:\/\/globoaves.com.br\/es\/aviculturas\/postura\/\",\"name\":\"LINAJES DE PONEDORAS - Globoaves\",\"isPartOf\":{\"@id\":\"https:\/\/globoaves.com.br\/es\/#website\"},\"primaryImageOfPage\":{\"@id\":\"https:\/\/globoaves.com.br\/es\/aviculturas\/postura\/#primaryimage\"},\"datePublished\":\"2019-05-21T14:50:33+00:00\",\"dateModified\":\"2021-12-28T14:24:28+00:00\",\"breadcrumb\":{\"@id\":\"https:\/\/globoaves.com.br\/es\/aviculturas\/postura\/#breadcrumb\"},\"inLanguage\":\"pt-BR\",\"potentialAction\":[{\"@type\":\"ReadAction\",\"target\":[\"https:\/\/globoaves.com.br\/es\/aviculturas\/postura\/\"]}]},{\"@type\":\"BreadcrumbList\",\"@id\":\"https:\/\/globoaves.com.br\/es\/aviculturas\/postura\/#breadcrumb\",\"itemListElement\":[{\"@type\":\"ListItem\",\"position\":1,\"name\":\"In\\u00edcio\",\"item\":\"https:\/\/globoaves.com.br\/es\/\"},{\"@type\":\"ListItem\",\"position\":2,\"name\":\"Avicultura\",\"item\":\"https:\/\/globoaves.com.br\/es\/aviculturas\/\"},{\"@type\":\"ListItem\",\"position\":3,\"name\":\"LINAJES DE PONEDORAS\"}]}]}<\/script>\n<!-- \/ Yoast SEO plugin. -->","yoast_head_json":{"robots":{"index":"index","follow":"follow","max-snippet":"max-snippet:-1","max-image-preview":"max-image-preview:large","max-video-preview":"max-video-preview:-1"},"canonical":"https:\/\/globoaves.com.br\/es\/aviculturas\/postura\/","og_locale":"pt_BR","og_type":"article","og_title":"LINAJES DE PONEDORAS - Globoaves","og_description":"Globoaves produce y vende aves ponedoras exclusivamente para tiendas agr\u00edcolas.&nbsp;Las aves provienen de las mejores gen\u00e9ticas de alta productividad del mundo.&nbsp; Tienen una excelente conversi\u00f3n alimenticia, baja mortalidad y relaci\u00f3n huevo x ave alojada.&nbsp; Todo esto hace del linaje de &hellip; Continue reading &rarr;","og_url":"https:\/\/globoaves.com.br\/es\/aviculturas\/postura\/","og_site_name":"Globoaves","article_modified_time":"2021-12-28T14:24:28+00:00","og_image":[{"width":1920,"height":434,"url":"https:\/\/globoaves.com.br\/es\/wp-content\/uploads\/2019\/08\/Banner-Topo-Postura.jpg","path":"\/home\/globoavescom\/public_html\/es\/wp-content\/uploads\/2019\/08\/Banner-Topo-Postura.jpg","size":"full","id":217,"alt":"","pixels":833280,"type":"image\/jpeg"}],"twitter_card":"summary_large_image","twitter_misc":{"Est. tempo de leitura":"1 minuto"},"schema":{"@context":"https:\/\/schema.org","@graph":[{"@type":"WebSite","@id":"https:\/\/globoaves.com.br\/es\/#website","url":"https:\/\/globoaves.com.br\/es\/","name":"Globoaves","description":"","potentialAction":[{"@type":"SearchAction","target":{"@type":"EntryPoint","urlTemplate":"https:\/\/globoaves.com.br\/es\/?s={search_term_string}"},"query-input":"required name=search_term_string"}],"inLanguage":"pt-BR"},{"@type":"ImageObject","@id":"https:\/\/globoaves.com.br\/es\/aviculturas\/postura\/#primaryimage","inLanguage":"pt-BR","url":"https:\/\/globoaves.com.br\/es\/wp-content\/uploads\/2019\/08\/Banner-Topo-Postura.jpg","contentUrl":"https:\/\/globoaves.com.br\/es\/wp-content\/uploads\/2019\/08\/Banner-Topo-Postura.jpg","width":1920,"height":434},{"@type":"WebPage","@id":"https:\/\/globoaves.com.br\/es\/aviculturas\/postura\/#webpage","url":"https:\/\/globoaves.com.br\/es\/aviculturas\/postura\/","name":"LINAJES DE PONEDORAS - Globoaves","isPartOf":{"@id":"https:\/\/globoaves.com.br\/es\/#website"},"primaryImageOfPage":{"@id":"https:\/\/globoaves.com.br\/es\/aviculturas\/postura\/#primaryimage"},"datePublished":"2019-05-21T14:50:33+00:00","dateModified":"2021-12-28T14:24:28+00:00","breadcrumb":{"@id":"https:\/\/globoaves.com.br\/es\/aviculturas\/postura\/#breadcrumb"},"inLanguage":"pt-BR","potentialAction":[{"@type":"ReadAction","target":["https:\/\/globoaves.com.br\/es\/aviculturas\/postura\/"]}]},{"@type":"BreadcrumbList","@id":"https:\/\/globoaves.com.br\/es\/aviculturas\/postura\/#breadcrumb","itemListElement":[{"@type":"ListItem","position":1,"name":"In\u00edcio","item":"https:\/\/globoaves.com.br\/es\/"},{"@type":"ListItem","position":2,"name":"Avicultura","item":"https:\/\/globoaves.com.br\/es\/aviculturas\/"},{"@type":"ListItem","position":3,"name":"LINAJES DE PONEDORAS"}]}]}},"_links":{"self":[{"href":"https:\/\/globoaves.com.br\/es\/wp-json\/wp\/v2\/pages\/54"}],"collection":[{"href":"https:\/\/globoaves.com.br\/es\/wp-json\/wp\/v2\/pages"}],"about":[{"href":"https:\/\/globoaves.com.br\/es\/wp-json\/wp\/v2\/types\/page"}],"author":[{"embeddable":true,"href":"https:\/\/globoaves.com.br\/es\/wp-json\/wp\/v2\/users\/3"}],"replies":[{"embeddable":true,"href":"https:\/\/globoaves.com.br\/es\/wp-json\/wp\/v2\/comments?post=54"}],"version-history":[{"count":7,"href":"https:\/\/globoaves.com.br\/es\/wp-json\/wp\/v2\/pages\/54\/revisions"}],"predecessor-version":[{"id":1035,"href":"https:\/\/globoaves.com.br\/es\/wp-json\/wp\/v2\/pages\/54\/revisions\/1035"}],"up":[{"embeddable":true,"href":"https:\/\/globoaves.com.br\/es\/wp-json\/wp\/v2\/pages\/31"}],"wp:featuredmedia":[{"embeddable":true,"href":"https:\/\/globoaves.com.br\/es\/wp-json\/wp\/v2\/media\/217"}],"wp:attachment":[{"href":"https:\/\/globoaves.com.br\/es\/wp-json\/wp\/v2\/media?parent=54"}],"curies":[{"name":"wp","href":"https:\/\/api.w.org\/{rel}","templated":true}]}}