{"id":31,"date":"2019-05-17T17:55:37","date_gmt":"2019-05-17T20:55:37","guid":{"rendered":"http:\/\/globoaves.com.br\/?page_id=31"},"modified":"2021-12-28T14:16:24","modified_gmt":"2021-12-28T17:16:24","slug":"aviculturas","status":"publish","type":"page","link":"https:\/\/globoaves.com.br\/es\/aviculturas\/","title":{"rendered":"Avicultura"},"content":{"rendered":"<p><span class=\"VIiyi\" lang=\"en\"><span class=\"JLqJ4b ChMk0b\" data-language-for-alternatives=\"en\" data-language-to-translate-into=\"pt\" data-phrase-index=\"1\" data-number-of-phrases=\"2\"><span class=\"VIiyi\" lang=\"es\">Desde 1985, Globoaves ha tenido una fuerte participaci\u00f3n en la industria av\u00edcola brasile\u00f1a, utilizando cepas de vanguardia, se ha convertido en uno de los mayores productores de Huevos F\u00e9rtiles, Pintos a Dia de Corte, Caipira y Postura en el pa\u00eds. La adopci\u00f3n de est\u00e1ndares gen\u00e9ticos de renombre mundial, rigurosos controles sanitarios, tecnolog\u00eda industrial y personal altamente capacitado, dan fe de la excelente calidad de sus productos y la convierten en una de las mayores empresas del sector av\u00edcola del pa\u00eds.<\/span> <\/span><\/span><\/p>\n","protected":false},"excerpt":{"rendered":"<p>Desde 1985, Globoaves ha tenido una fuerte participaci\u00f3n en la industria av\u00edcola brasile\u00f1a, utilizando cepas de vanguardia, se ha convertido en uno de los mayores productores de Huevos F\u00e9rtiles, Pintos a Dia de Corte, Caipira y Postura en el pa\u00eds. &hellip; <a href=\"https:\/\/globoaves.com.br\/es\/aviculturas\/\">Continue reading <span class=\"meta-nav\">&rarr;<\/span><\/a><\/p>\n","protected":false},"author":3,"featured_media":34,"parent":0,"menu_order":4,"comment_status":"closed","ping_status":"closed","template":"aviculturas.php","meta":{"ngg_post_thumbnail":0},"yoast_head":"<!-- This site is optimized with the Yoast SEO plugin v16.8 - https:\/\/yoast.com\/wordpress\/plugins\/seo\/ -->\n<meta name=\"robots\" content=\"index, follow, max-snippet:-1, max-image-preview:large, max-video-preview:-1\" \/>\n<link rel=\"canonical\" href=\"https:\/\/globoaves.com.br\/es\/aviculturas\/\" \/>\n<meta property=\"og:locale\" content=\"pt_BR\" \/>\n<meta property=\"og:type\" content=\"article\" \/>\n<meta property=\"og:title\" content=\"Avicultura - Globoaves\" \/>\n<meta property=\"og:description\" content=\"Desde 1985, Globoaves ha tenido una fuerte participaci\u00f3n en la industria av\u00edcola brasile\u00f1a, utilizando cepas de vanguardia, se ha convertido en uno de los mayores productores de Huevos F\u00e9rtiles, Pintos a Dia de Corte, Caipira y Postura en el pa\u00eds. &hellip; Continue reading &rarr;\" \/>\n<meta property=\"og:url\" content=\"https:\/\/globoaves.com.br\/es\/aviculturas\/\" \/>\n<meta property=\"og:site_name\" content=\"Globoaves\" \/>\n<meta property=\"article:modified_time\" content=\"2021-12-28T17:16:24+00:00\" \/>\n<meta property=\"og:image\" content=\"https:\/\/globoaves.com.br\/es\/wp-content\/uploads\/2019\/05\/bg-emp.jpg\" \/>\n\t<meta property=\"og:image:width\" content=\"1920\" \/>\n\t<meta property=\"og:image:height\" content=\"434\" \/>\n<meta name=\"twitter:card\" content=\"summary_large_image\" \/>\n<meta name=\"twitter:label1\" content=\"Est. tempo de leitura\" \/>\n\t<meta name=\"twitter:data1\" content=\"1 minuto\" \/>\n<script type=\"application\/ld+json\" class=\"yoast-schema-graph\">{\"@context\":\"https:\/\/schema.org\",\"@graph\":[{\"@type\":\"WebSite\",\"@id\":\"https:\/\/globoaves.com.br\/es\/#website\",\"url\":\"https:\/\/globoaves.com.br\/es\/\",\"name\":\"Globoaves\",\"description\":\"\",\"potentialAction\":[{\"@type\":\"SearchAction\",\"target\":{\"@type\":\"EntryPoint\",\"urlTemplate\":\"https:\/\/globoaves.com.br\/es\/?s={search_term_string}\"},\"query-input\":\"required name=search_term_string\"}],\"inLanguage\":\"pt-BR\"},{\"@type\":\"ImageObject\",\"@id\":\"https:\/\/globoaves.com.br\/es\/aviculturas\/#primaryimage\",\"inLanguage\":\"pt-BR\",\"url\":\"https:\/\/globoaves.com.br\/es\/wp-content\/uploads\/2019\/05\/bg-emp.jpg\",\"contentUrl\":\"https:\/\/globoaves.com.br\/es\/wp-content\/uploads\/2019\/05\/bg-emp.jpg\",\"width\":1920,\"height\":434},{\"@type\":\"WebPage\",\"@id\":\"https:\/\/globoaves.com.br\/es\/aviculturas\/#webpage\",\"url\":\"https:\/\/globoaves.com.br\/es\/aviculturas\/\",\"name\":\"Avicultura - Globoaves\",\"isPartOf\":{\"@id\":\"https:\/\/globoaves.com.br\/es\/#website\"},\"primaryImageOfPage\":{\"@id\":\"https:\/\/globoaves.com.br\/es\/aviculturas\/#primaryimage\"},\"datePublished\":\"2019-05-17T20:55:37+00:00\",\"dateModified\":\"2021-12-28T17:16:24+00:00\",\"breadcrumb\":{\"@id\":\"https:\/\/globoaves.com.br\/es\/aviculturas\/#breadcrumb\"},\"inLanguage\":\"pt-BR\",\"potentialAction\":[{\"@type\":\"ReadAction\",\"target\":[\"https:\/\/globoaves.com.br\/es\/aviculturas\/\"]}]},{\"@type\":\"BreadcrumbList\",\"@id\":\"https:\/\/globoaves.com.br\/es\/aviculturas\/#breadcrumb\",\"itemListElement\":[{\"@type\":\"ListItem\",\"position\":1,\"name\":\"In\\u00edcio\",\"item\":\"https:\/\/globoaves.com.br\/es\/\"},{\"@type\":\"ListItem\",\"position\":2,\"name\":\"Avicultura\"}]}]}<\/script>\n<!-- \/ Yoast SEO plugin. -->","yoast_head_json":{"robots":{"index":"index","follow":"follow","max-snippet":"max-snippet:-1","max-image-preview":"max-image-preview:large","max-video-preview":"max-video-preview:-1"},"canonical":"https:\/\/globoaves.com.br\/es\/aviculturas\/","og_locale":"pt_BR","og_type":"article","og_title":"Avicultura - Globoaves","og_description":"Desde 1985, Globoaves ha tenido una fuerte participaci\u00f3n en la industria av\u00edcola brasile\u00f1a, utilizando cepas de vanguardia, se ha convertido en uno de los mayores productores de Huevos F\u00e9rtiles, Pintos a Dia de Corte, Caipira y Postura en el pa\u00eds. &hellip; Continue reading &rarr;","og_url":"https:\/\/globoaves.com.br\/es\/aviculturas\/","og_site_name":"Globoaves","article_modified_time":"2021-12-28T17:16:24+00:00","og_image":[{"width":1920,"height":434,"url":"https:\/\/globoaves.com.br\/es\/wp-content\/uploads\/2019\/05\/bg-emp.jpg","path":"\/home\/globoavescom\/public_html\/es\/wp-content\/uploads\/2019\/05\/bg-emp.jpg","size":"full","id":34,"alt":"","pixels":833280,"type":"image\/jpeg"}],"twitter_card":"summary_large_image","twitter_misc":{"Est. tempo de leitura":"1 minuto"},"schema":{"@context":"https:\/\/schema.org","@graph":[{"@type":"WebSite","@id":"https:\/\/globoaves.com.br\/es\/#website","url":"https:\/\/globoaves.com.br\/es\/","name":"Globoaves","description":"","potentialAction":[{"@type":"SearchAction","target":{"@type":"EntryPoint","urlTemplate":"https:\/\/globoaves.com.br\/es\/?s={search_term_string}"},"query-input":"required name=search_term_string"}],"inLanguage":"pt-BR"},{"@type":"ImageObject","@id":"https:\/\/globoaves.com.br\/es\/aviculturas\/#primaryimage","inLanguage":"pt-BR","url":"https:\/\/globoaves.com.br\/es\/wp-content\/uploads\/2019\/05\/bg-emp.jpg","contentUrl":"https:\/\/globoaves.com.br\/es\/wp-content\/uploads\/2019\/05\/bg-emp.jpg","width":1920,"height":434},{"@type":"WebPage","@id":"https:\/\/globoaves.com.br\/es\/aviculturas\/#webpage","url":"https:\/\/globoaves.com.br\/es\/aviculturas\/","name":"Avicultura - Globoaves","isPartOf":{"@id":"https:\/\/globoaves.com.br\/es\/#website"},"primaryImageOfPage":{"@id":"https:\/\/globoaves.com.br\/es\/aviculturas\/#primaryimage"},"datePublished":"2019-05-17T20:55:37+00:00","dateModified":"2021-12-28T17:16:24+00:00","breadcrumb":{"@id":"https:\/\/globoaves.com.br\/es\/aviculturas\/#breadcrumb"},"inLanguage":"pt-BR","potentialAction":[{"@type":"ReadAction","target":["https:\/\/globoaves.com.br\/es\/aviculturas\/"]}]},{"@type":"BreadcrumbList","@id":"https:\/\/globoaves.com.br\/es\/aviculturas\/#breadcrumb","itemListElement":[{"@type":"ListItem","position":1,"name":"In\u00edcio","item":"https:\/\/globoaves.com.br\/es\/"},{"@type":"ListItem","position":2,"name":"Avicultura"}]}]}},"_links":{"self":[{"href":"https:\/\/globoaves.com.br\/es\/wp-json\/wp\/v2\/pages\/31"}],"collection":[{"href":"https:\/\/globoaves.com.br\/es\/wp-json\/wp\/v2\/pages"}],"about":[{"href":"https:\/\/globoaves.com.br\/es\/wp-json\/wp\/v2\/types\/page"}],"author":[{"embeddable":true,"href":"https:\/\/globoaves.com.br\/es\/wp-json\/wp\/v2\/users\/3"}],"replies":[{"embeddable":true,"href":"https:\/\/globoaves.com.br\/es\/wp-json\/wp\/v2\/comments?post=31"}],"version-history":[{"count":7,"href":"https:\/\/globoaves.com.br\/es\/wp-json\/wp\/v2\/pages\/31\/revisions"}],"predecessor-version":[{"id":1056,"href":"https:\/\/globoaves.com.br\/es\/wp-json\/wp\/v2\/pages\/31\/revisions\/1056"}],"wp:featuredmedia":[{"embeddable":true,"href":"https:\/\/globoaves.com.br\/es\/wp-json\/wp\/v2\/media\/34"}],"wp:attachment":[{"href":"https:\/\/globoaves.com.br\/es\/wp-json\/wp\/v2\/media?parent=31"}],"curies":[{"name":"wp","href":"https:\/\/api.w.org\/{rel}","templated":true}]}}