{"id":19,"date":"2019-05-17T15:35:13","date_gmt":"2019-05-17T18:35:13","guid":{"rendered":"http:\/\/globoaves.com.br\/?page_id=19"},"modified":"2022-04-12T08:35:56","modified_gmt":"2022-04-12T11:35:56","slug":"biotecnologia","status":"publish","type":"page","link":"https:\/\/globoaves.com.br\/es\/biotecnologia\/","title":{"rendered":"BIOTECNOLOG\u00cdA"},"content":{"rendered":"<p><span class=\"VIiyi\" lang=\"en\"><span class=\"JLqJ4b\" data-language-for-alternatives=\"en\" data-language-to-translate-into=\"pt\" data-phrase-index=\"0\" data-number-of-phrases=\"1\"><span class=\"VIiyi\" lang=\"es\">Globoaves, a trav\u00e9s de GloboBiotech, produce huevos f\u00e9rtiles controlados que se utilizan para la producci\u00f3n de vacunas contra el virus de la influenza (Influenza). Tambi\u00e9n vende, a trav\u00e9s de representaci\u00f3n con la empresa estadounidense Charles River, Huevos SPF (Specific Pathogen Free) que se utilizan para la producci\u00f3n de vacunas para seres humanos y tambi\u00e9n para animales. GloboBiotech invierte sus mejores recursos para proporcionar materia prima de calidad para la producci\u00f3n de vacunas para la prevenci\u00f3n de diversas enfermedades. La producci\u00f3n de huevos se realiza en sus propias fincas, construidas en \u00e1reas protegidas, las cuales tienen alt\u00edsimos niveles de control sanitario. Utiliza lo m\u00e1s moderno en la producci\u00f3n av\u00edcola en sus granjas: controles estrictos, como controles de ventilaci\u00f3n, condiciones clim\u00e1ticas, iluminaci\u00f3n, nidos autom\u00e1ticos, transporte y envasado de huevos en l\u00edneas automatizadas. Todo ello sin dejar de cuidar el bienestar animal, que, tanto en la fase de cr\u00eda como en la de producci\u00f3n, es una prioridad para que las aves puedan producir huevos de la mejor calidad y plenamente sanos.<\/span> <\/span><\/span><\/p>\n<p><iframe loading=\"lazy\" title=\"Globobiotech - V\u00eddeo Institucional - Espanhol\" width=\"640\" height=\"360\" src=\"https:\/\/www.youtube.com\/embed\/Q9k6xXMRaQY?feature=oembed\" frameborder=\"0\" allow=\"accelerometer; autoplay; clipboard-write; encrypted-media; gyroscope; picture-in-picture\" allowfullscreen><\/iframe><\/p>\n","protected":false},"excerpt":{"rendered":"<p>Globoaves, a trav\u00e9s de GloboBiotech, produce huevos f\u00e9rtiles controlados que se utilizan para la producci\u00f3n de vacunas contra el virus de la influenza (Influenza). Tambi\u00e9n vende, a trav\u00e9s de representaci\u00f3n con la empresa estadounidense Charles River, Huevos SPF (Specific Pathogen &hellip; <a href=\"https:\/\/globoaves.com.br\/es\/biotecnologia\/\">Continue reading <span class=\"meta-nav\">&rarr;<\/span><\/a><\/p>\n","protected":false},"author":3,"featured_media":281,"parent":0,"menu_order":5,"comment_status":"closed","ping_status":"closed","template":"biotecnia.php","meta":{"ngg_post_thumbnail":0},"yoast_head":"<!-- This site is optimized with the Yoast SEO plugin v16.8 - https:\/\/yoast.com\/wordpress\/plugins\/seo\/ -->\n<meta name=\"robots\" content=\"index, follow, max-snippet:-1, max-image-preview:large, max-video-preview:-1\" \/>\n<link rel=\"canonical\" href=\"https:\/\/globoaves.com.br\/es\/biotecnologia\/\" \/>\n<meta property=\"og:locale\" content=\"pt_BR\" \/>\n<meta property=\"og:type\" content=\"article\" \/>\n<meta property=\"og:title\" content=\"BIOTECNOLOG\u00cdA - Globoaves\" \/>\n<meta property=\"og:description\" content=\"Globoaves, a trav\u00e9s de GloboBiotech, produce huevos f\u00e9rtiles controlados que se utilizan para la producci\u00f3n de vacunas contra el virus de la influenza (Influenza). Tambi\u00e9n vende, a trav\u00e9s de representaci\u00f3n con la empresa estadounidense Charles River, Huevos SPF (Specific Pathogen &hellip; Continue reading &rarr;\" \/>\n<meta property=\"og:url\" content=\"https:\/\/globoaves.com.br\/es\/biotecnologia\/\" \/>\n<meta property=\"og:site_name\" content=\"Globoaves\" \/>\n<meta property=\"article:modified_time\" content=\"2022-04-12T11:35:56+00:00\" \/>\n<meta property=\"og:image\" content=\"https:\/\/globoaves.com.br\/es\/wp-content\/uploads\/2019\/09\/Banner-Topo-Biotecnologia.jpg\" \/>\n\t<meta property=\"og:image:width\" content=\"1920\" \/>\n\t<meta property=\"og:image:height\" content=\"434\" \/>\n<meta name=\"twitter:card\" content=\"summary_large_image\" \/>\n<meta name=\"twitter:label1\" content=\"Est. tempo de leitura\" \/>\n\t<meta name=\"twitter:data1\" content=\"1 minuto\" \/>\n<script type=\"application\/ld+json\" class=\"yoast-schema-graph\">{\"@context\":\"https:\/\/schema.org\",\"@graph\":[{\"@type\":\"WebSite\",\"@id\":\"https:\/\/globoaves.com.br\/es\/#website\",\"url\":\"https:\/\/globoaves.com.br\/es\/\",\"name\":\"Globoaves\",\"description\":\"\",\"potentialAction\":[{\"@type\":\"SearchAction\",\"target\":{\"@type\":\"EntryPoint\",\"urlTemplate\":\"https:\/\/globoaves.com.br\/es\/?s={search_term_string}\"},\"query-input\":\"required name=search_term_string\"}],\"inLanguage\":\"pt-BR\"},{\"@type\":\"ImageObject\",\"@id\":\"https:\/\/globoaves.com.br\/es\/biotecnologia\/#primaryimage\",\"inLanguage\":\"pt-BR\",\"url\":\"https:\/\/globoaves.com.br\/es\/wp-content\/uploads\/2019\/09\/Banner-Topo-Biotecnologia.jpg\",\"contentUrl\":\"https:\/\/globoaves.com.br\/es\/wp-content\/uploads\/2019\/09\/Banner-Topo-Biotecnologia.jpg\",\"width\":1920,\"height\":434},{\"@type\":\"WebPage\",\"@id\":\"https:\/\/globoaves.com.br\/es\/biotecnologia\/#webpage\",\"url\":\"https:\/\/globoaves.com.br\/es\/biotecnologia\/\",\"name\":\"BIOTECNOLOG\\u00cdA - Globoaves\",\"isPartOf\":{\"@id\":\"https:\/\/globoaves.com.br\/es\/#website\"},\"primaryImageOfPage\":{\"@id\":\"https:\/\/globoaves.com.br\/es\/biotecnologia\/#primaryimage\"},\"datePublished\":\"2019-05-17T18:35:13+00:00\",\"dateModified\":\"2022-04-12T11:35:56+00:00\",\"breadcrumb\":{\"@id\":\"https:\/\/globoaves.com.br\/es\/biotecnologia\/#breadcrumb\"},\"inLanguage\":\"pt-BR\",\"potentialAction\":[{\"@type\":\"ReadAction\",\"target\":[\"https:\/\/globoaves.com.br\/es\/biotecnologia\/\"]}]},{\"@type\":\"BreadcrumbList\",\"@id\":\"https:\/\/globoaves.com.br\/es\/biotecnologia\/#breadcrumb\",\"itemListElement\":[{\"@type\":\"ListItem\",\"position\":1,\"name\":\"In\\u00edcio\",\"item\":\"https:\/\/globoaves.com.br\/es\/\"},{\"@type\":\"ListItem\",\"position\":2,\"name\":\"BIOTECNOLOG\\u00cdA\"}]}]}<\/script>\n<!-- \/ Yoast SEO plugin. -->","yoast_head_json":{"robots":{"index":"index","follow":"follow","max-snippet":"max-snippet:-1","max-image-preview":"max-image-preview:large","max-video-preview":"max-video-preview:-1"},"canonical":"https:\/\/globoaves.com.br\/es\/biotecnologia\/","og_locale":"pt_BR","og_type":"article","og_title":"BIOTECNOLOG\u00cdA - Globoaves","og_description":"Globoaves, a trav\u00e9s de GloboBiotech, produce huevos f\u00e9rtiles controlados que se utilizan para la producci\u00f3n de vacunas contra el virus de la influenza (Influenza). Tambi\u00e9n vende, a trav\u00e9s de representaci\u00f3n con la empresa estadounidense Charles River, Huevos SPF (Specific Pathogen &hellip; Continue reading &rarr;","og_url":"https:\/\/globoaves.com.br\/es\/biotecnologia\/","og_site_name":"Globoaves","article_modified_time":"2022-04-12T11:35:56+00:00","og_image":[{"width":1920,"height":434,"url":"https:\/\/globoaves.com.br\/es\/wp-content\/uploads\/2019\/09\/Banner-Topo-Biotecnologia.jpg","path":"\/home\/globoavescom\/public_html\/es\/wp-content\/uploads\/2019\/09\/Banner-Topo-Biotecnologia.jpg","size":"full","id":281,"alt":"","pixels":833280,"type":"image\/jpeg"}],"twitter_card":"summary_large_image","twitter_misc":{"Est. tempo de leitura":"1 minuto"},"schema":{"@context":"https:\/\/schema.org","@graph":[{"@type":"WebSite","@id":"https:\/\/globoaves.com.br\/es\/#website","url":"https:\/\/globoaves.com.br\/es\/","name":"Globoaves","description":"","potentialAction":[{"@type":"SearchAction","target":{"@type":"EntryPoint","urlTemplate":"https:\/\/globoaves.com.br\/es\/?s={search_term_string}"},"query-input":"required name=search_term_string"}],"inLanguage":"pt-BR"},{"@type":"ImageObject","@id":"https:\/\/globoaves.com.br\/es\/biotecnologia\/#primaryimage","inLanguage":"pt-BR","url":"https:\/\/globoaves.com.br\/es\/wp-content\/uploads\/2019\/09\/Banner-Topo-Biotecnologia.jpg","contentUrl":"https:\/\/globoaves.com.br\/es\/wp-content\/uploads\/2019\/09\/Banner-Topo-Biotecnologia.jpg","width":1920,"height":434},{"@type":"WebPage","@id":"https:\/\/globoaves.com.br\/es\/biotecnologia\/#webpage","url":"https:\/\/globoaves.com.br\/es\/biotecnologia\/","name":"BIOTECNOLOG\u00cdA - Globoaves","isPartOf":{"@id":"https:\/\/globoaves.com.br\/es\/#website"},"primaryImageOfPage":{"@id":"https:\/\/globoaves.com.br\/es\/biotecnologia\/#primaryimage"},"datePublished":"2019-05-17T18:35:13+00:00","dateModified":"2022-04-12T11:35:56+00:00","breadcrumb":{"@id":"https:\/\/globoaves.com.br\/es\/biotecnologia\/#breadcrumb"},"inLanguage":"pt-BR","potentialAction":[{"@type":"ReadAction","target":["https:\/\/globoaves.com.br\/es\/biotecnologia\/"]}]},{"@type":"BreadcrumbList","@id":"https:\/\/globoaves.com.br\/es\/biotecnologia\/#breadcrumb","itemListElement":[{"@type":"ListItem","position":1,"name":"In\u00edcio","item":"https:\/\/globoaves.com.br\/es\/"},{"@type":"ListItem","position":2,"name":"BIOTECNOLOG\u00cdA"}]}]}},"_links":{"self":[{"href":"https:\/\/globoaves.com.br\/es\/wp-json\/wp\/v2\/pages\/19"}],"collection":[{"href":"https:\/\/globoaves.com.br\/es\/wp-json\/wp\/v2\/pages"}],"about":[{"href":"https:\/\/globoaves.com.br\/es\/wp-json\/wp\/v2\/types\/page"}],"author":[{"embeddable":true,"href":"https:\/\/globoaves.com.br\/es\/wp-json\/wp\/v2\/users\/3"}],"replies":[{"embeddable":true,"href":"https:\/\/globoaves.com.br\/es\/wp-json\/wp\/v2\/comments?post=19"}],"version-history":[{"count":12,"href":"https:\/\/globoaves.com.br\/es\/wp-json\/wp\/v2\/pages\/19\/revisions"}],"predecessor-version":[{"id":1099,"href":"https:\/\/globoaves.com.br\/es\/wp-json\/wp\/v2\/pages\/19\/revisions\/1099"}],"wp:featuredmedia":[{"embeddable":true,"href":"https:\/\/globoaves.com.br\/es\/wp-json\/wp\/v2\/media\/281"}],"wp:attachment":[{"href":"https:\/\/globoaves.com.br\/es\/wp-json\/wp\/v2\/media?parent=19"}],"curies":[{"name":"wp","href":"https:\/\/api.w.org\/{rel}","templated":true}]}}