{"id":16,"date":"2019-05-17T15:33:02","date_gmt":"2019-05-17T18:33:02","guid":{"rendered":"http:\/\/globoaves.com.br\/?page_id=16"},"modified":"2021-12-28T13:54:38","modified_gmt":"2021-12-28T16:54:38","slug":"alimentos","status":"publish","type":"page","link":"https:\/\/globoaves.com.br\/es\/alimentos\/","title":{"rendered":"Chicken and Pork Meat  <\/br> with export quality"},"content":{"rendered":"<p><span class=\"VIiyi\" lang=\"en\"><span class=\"JLqJ4b ChMk0b\" data-language-for-alternatives=\"en\" data-language-to-translate-into=\"pt\" data-phrase-index=\"2\" data-number-of-phrases=\"3\"><span class=\"VIiyi\" lang=\"es\">Globoaves produce bajo las marcas Avenorte y Valesul carne de pollo y cerdo, que se comercializa en el mercado interno y que tambi\u00e9n se exporta a varios pa\u00edses. Estos productos tienen el diferencial de ser elaborados por una empresa que controla todas las etapas de la cadena de producci\u00f3n av\u00edcola y porcina, el cuidado comienza incluso antes del nacimiento de los animales que dar\u00e1n origen a los productos de estas marcas.<\/span> <\/span><\/span><\/p>\n","protected":false},"excerpt":{"rendered":"<p>Globoaves produce bajo las marcas Avenorte y Valesul carne de pollo y cerdo, que se comercializa en el mercado interno y que tambi\u00e9n se exporta a varios pa\u00edses. Estos productos tienen el diferencial de ser elaborados por una empresa que &hellip; <a href=\"https:\/\/globoaves.com.br\/es\/alimentos\/\">Continue reading <span class=\"meta-nav\">&rarr;<\/span><\/a><\/p>\n","protected":false},"author":3,"featured_media":288,"parent":0,"menu_order":3,"comment_status":"closed","ping_status":"closed","template":"alimentos.php","meta":{"ngg_post_thumbnail":0},"yoast_head":"<!-- This site is optimized with the Yoast SEO plugin v16.8 - https:\/\/yoast.com\/wordpress\/plugins\/seo\/ -->\n<meta name=\"robots\" content=\"index, follow, max-snippet:-1, max-image-preview:large, max-video-preview:-1\" \/>\n<link rel=\"canonical\" href=\"https:\/\/globoaves.com.br\/es\/alimentos\/\" \/>\n<meta property=\"og:locale\" content=\"pt_BR\" \/>\n<meta property=\"og:type\" content=\"article\" \/>\n<meta property=\"og:title\" content=\"Chicken and Pork Meat  with export quality - Globoaves\" \/>\n<meta property=\"og:description\" content=\"Globoaves produce bajo las marcas Avenorte y Valesul carne de pollo y cerdo, que se comercializa en el mercado interno y que tambi\u00e9n se exporta a varios pa\u00edses. Estos productos tienen el diferencial de ser elaborados por una empresa que &hellip; Continue reading &rarr;\" \/>\n<meta property=\"og:url\" content=\"https:\/\/globoaves.com.br\/es\/alimentos\/\" \/>\n<meta property=\"og:site_name\" content=\"Globoaves\" \/>\n<meta property=\"article:modified_time\" content=\"2021-12-28T16:54:38+00:00\" \/>\n<meta property=\"og:image\" content=\"https:\/\/globoaves.com.br\/es\/wp-content\/uploads\/2019\/09\/Banner-Topo-Alimentos.jpg\" \/>\n\t<meta property=\"og:image:width\" content=\"1920\" \/>\n\t<meta property=\"og:image:height\" content=\"434\" \/>\n<meta name=\"twitter:card\" content=\"summary_large_image\" \/>\n<meta name=\"twitter:label1\" content=\"Est. tempo de leitura\" \/>\n\t<meta name=\"twitter:data1\" content=\"1 minuto\" \/>\n<script type=\"application\/ld+json\" class=\"yoast-schema-graph\">{\"@context\":\"https:\/\/schema.org\",\"@graph\":[{\"@type\":\"WebSite\",\"@id\":\"https:\/\/globoaves.com.br\/es\/#website\",\"url\":\"https:\/\/globoaves.com.br\/es\/\",\"name\":\"Globoaves\",\"description\":\"\",\"potentialAction\":[{\"@type\":\"SearchAction\",\"target\":{\"@type\":\"EntryPoint\",\"urlTemplate\":\"https:\/\/globoaves.com.br\/es\/?s={search_term_string}\"},\"query-input\":\"required name=search_term_string\"}],\"inLanguage\":\"pt-BR\"},{\"@type\":\"ImageObject\",\"@id\":\"https:\/\/globoaves.com.br\/es\/alimentos\/#primaryimage\",\"inLanguage\":\"pt-BR\",\"url\":\"https:\/\/globoaves.com.br\/es\/wp-content\/uploads\/2019\/09\/Banner-Topo-Alimentos.jpg\",\"contentUrl\":\"https:\/\/globoaves.com.br\/es\/wp-content\/uploads\/2019\/09\/Banner-Topo-Alimentos.jpg\",\"width\":1920,\"height\":434},{\"@type\":\"WebPage\",\"@id\":\"https:\/\/globoaves.com.br\/es\/alimentos\/#webpage\",\"url\":\"https:\/\/globoaves.com.br\/es\/alimentos\/\",\"name\":\"Chicken and Pork Meat with export quality - Globoaves\",\"isPartOf\":{\"@id\":\"https:\/\/globoaves.com.br\/es\/#website\"},\"primaryImageOfPage\":{\"@id\":\"https:\/\/globoaves.com.br\/es\/alimentos\/#primaryimage\"},\"datePublished\":\"2019-05-17T18:33:02+00:00\",\"dateModified\":\"2021-12-28T16:54:38+00:00\",\"breadcrumb\":{\"@id\":\"https:\/\/globoaves.com.br\/es\/alimentos\/#breadcrumb\"},\"inLanguage\":\"pt-BR\",\"potentialAction\":[{\"@type\":\"ReadAction\",\"target\":[\"https:\/\/globoaves.com.br\/es\/alimentos\/\"]}]},{\"@type\":\"BreadcrumbList\",\"@id\":\"https:\/\/globoaves.com.br\/es\/alimentos\/#breadcrumb\",\"itemListElement\":[{\"@type\":\"ListItem\",\"position\":1,\"name\":\"In\\u00edcio\",\"item\":\"https:\/\/globoaves.com.br\/es\/\"},{\"@type\":\"ListItem\",\"position\":2,\"name\":\"Chicken and Pork Meat with export quality\"}]}]}<\/script>\n<!-- \/ Yoast SEO plugin. -->","yoast_head_json":{"robots":{"index":"index","follow":"follow","max-snippet":"max-snippet:-1","max-image-preview":"max-image-preview:large","max-video-preview":"max-video-preview:-1"},"canonical":"https:\/\/globoaves.com.br\/es\/alimentos\/","og_locale":"pt_BR","og_type":"article","og_title":"Chicken and Pork Meat  with export quality - Globoaves","og_description":"Globoaves produce bajo las marcas Avenorte y Valesul carne de pollo y cerdo, que se comercializa en el mercado interno y que tambi\u00e9n se exporta a varios pa\u00edses. Estos productos tienen el diferencial de ser elaborados por una empresa que &hellip; Continue reading &rarr;","og_url":"https:\/\/globoaves.com.br\/es\/alimentos\/","og_site_name":"Globoaves","article_modified_time":"2021-12-28T16:54:38+00:00","og_image":[{"width":1920,"height":434,"url":"https:\/\/globoaves.com.br\/es\/wp-content\/uploads\/2019\/09\/Banner-Topo-Alimentos.jpg","path":"\/home\/globoavescom\/public_html\/es\/wp-content\/uploads\/2019\/09\/Banner-Topo-Alimentos.jpg","size":"full","id":288,"alt":"","pixels":833280,"type":"image\/jpeg"}],"twitter_card":"summary_large_image","twitter_misc":{"Est. tempo de leitura":"1 minuto"},"schema":{"@context":"https:\/\/schema.org","@graph":[{"@type":"WebSite","@id":"https:\/\/globoaves.com.br\/es\/#website","url":"https:\/\/globoaves.com.br\/es\/","name":"Globoaves","description":"","potentialAction":[{"@type":"SearchAction","target":{"@type":"EntryPoint","urlTemplate":"https:\/\/globoaves.com.br\/es\/?s={search_term_string}"},"query-input":"required name=search_term_string"}],"inLanguage":"pt-BR"},{"@type":"ImageObject","@id":"https:\/\/globoaves.com.br\/es\/alimentos\/#primaryimage","inLanguage":"pt-BR","url":"https:\/\/globoaves.com.br\/es\/wp-content\/uploads\/2019\/09\/Banner-Topo-Alimentos.jpg","contentUrl":"https:\/\/globoaves.com.br\/es\/wp-content\/uploads\/2019\/09\/Banner-Topo-Alimentos.jpg","width":1920,"height":434},{"@type":"WebPage","@id":"https:\/\/globoaves.com.br\/es\/alimentos\/#webpage","url":"https:\/\/globoaves.com.br\/es\/alimentos\/","name":"Chicken and Pork Meat with export quality - Globoaves","isPartOf":{"@id":"https:\/\/globoaves.com.br\/es\/#website"},"primaryImageOfPage":{"@id":"https:\/\/globoaves.com.br\/es\/alimentos\/#primaryimage"},"datePublished":"2019-05-17T18:33:02+00:00","dateModified":"2021-12-28T16:54:38+00:00","breadcrumb":{"@id":"https:\/\/globoaves.com.br\/es\/alimentos\/#breadcrumb"},"inLanguage":"pt-BR","potentialAction":[{"@type":"ReadAction","target":["https:\/\/globoaves.com.br\/es\/alimentos\/"]}]},{"@type":"BreadcrumbList","@id":"https:\/\/globoaves.com.br\/es\/alimentos\/#breadcrumb","itemListElement":[{"@type":"ListItem","position":1,"name":"In\u00edcio","item":"https:\/\/globoaves.com.br\/es\/"},{"@type":"ListItem","position":2,"name":"Chicken and Pork Meat with export quality"}]}]}},"_links":{"self":[{"href":"https:\/\/globoaves.com.br\/es\/wp-json\/wp\/v2\/pages\/16"}],"collection":[{"href":"https:\/\/globoaves.com.br\/es\/wp-json\/wp\/v2\/pages"}],"about":[{"href":"https:\/\/globoaves.com.br\/es\/wp-json\/wp\/v2\/types\/page"}],"author":[{"embeddable":true,"href":"https:\/\/globoaves.com.br\/es\/wp-json\/wp\/v2\/users\/3"}],"replies":[{"embeddable":true,"href":"https:\/\/globoaves.com.br\/es\/wp-json\/wp\/v2\/comments?post=16"}],"version-history":[{"count":10,"href":"https:\/\/globoaves.com.br\/es\/wp-json\/wp\/v2\/pages\/16\/revisions"}],"predecessor-version":[{"id":1055,"href":"https:\/\/globoaves.com.br\/es\/wp-json\/wp\/v2\/pages\/16\/revisions\/1055"}],"wp:featuredmedia":[{"embeddable":true,"href":"https:\/\/globoaves.com.br\/es\/wp-json\/wp\/v2\/media\/288"}],"wp:attachment":[{"href":"https:\/\/globoaves.com.br\/es\/wp-json\/wp\/v2\/media?parent=16"}],"curies":[{"name":"wp","href":"https:\/\/api.w.org\/{rel}","templated":true}]}}